{"id":2310,"date":"2019-05-15T08:56:21","date_gmt":"2019-05-15T06:56:21","guid":{"rendered":"https:\/\/vvv.agence-adimen.ch\/lagence-adimen\/"},"modified":"2019-05-15T11:11:55","modified_gmt":"2019-05-15T09:11:55","slug":"lagence-adimen","status":"publish","type":"page","link":"https:\/\/www.agence-adimen.ch\/en\/lagence-adimen\/","title":{"rendered":"The agency ADIMEN"},"content":{"rendered":"\t\t<div data-elementor-type=\"wp-post\" data-elementor-id=\"2310\" class=\"elementor elementor-2310 elementor-1153\" data-elementor-post-type=\"page\">\n\t\t\t\t\t\t<section class=\"elementor-section elementor-top-section elementor-element elementor-element-6c04fbe2 elementor-section-boxed elementor-section-height-default elementor-section-height-default\" data-id=\"6c04fbe2\" data-element_type=\"section\" data-e-type=\"section\" data-settings=\"{&quot;background_background&quot;:&quot;classic&quot;}\">\n\t\t\t\t\t\t<div class=\"elementor-container elementor-column-gap-default\">\n\t\t\t\t\t<div class=\"elementor-column elementor-col-50 elementor-top-column elementor-element elementor-element-63a3768f\" data-id=\"63a3768f\" data-element_type=\"column\" data-e-type=\"column\">\n\t\t\t<div class=\"elementor-widget-wrap elementor-element-populated\">\n\t\t\t\t\t\t<div class=\"elementor-element elementor-element-32c03d25 elementor-widget elementor-widget-text-editor\" data-id=\"32c03d25\" data-element_type=\"widget\" data-e-type=\"widget\" data-widget_type=\"text-editor.default\">\n\t\t\t\t<div class=\"elementor-widget-container\">\n\t\t\t\t\t\t\t\t\t<h2>Our private detective agency<\/h2><div class=\"sup-blue\">\u00a0<\/div><h4>Adimen Investigations Agency is a private investigation agency based in the heart of Geneva, specialized in private and business investigations.<\/h4><p>Our team consists of field agents from the private intelligence sector who are experienced in modern investigation techniques. Our team of analysts will guide you throughout the investigations in order to best defend your interests.<\/p><p>Feel free to schedule an appointment at one of our agencies, in either Geneva or Lausanne, so that we can evaluate your requirements. Our analysis will be provided free of charge, without any obligation, including a comprehensive and detailed estimate.<\/p><p>Our agency has an international scope, with several branch offices abroad. We work throughout Europe, Canada and the United States, among others.<\/p>\t\t\t\t\t\t\t\t<\/div>\n\t\t\t\t<\/div>\n\t\t\t\t\t<\/div>\n\t\t<\/div>\n\t\t\t\t<div class=\"elementor-column elementor-col-50 elementor-top-column elementor-element elementor-element-d723dc7\" data-id=\"d723dc7\" data-element_type=\"column\" data-e-type=\"column\">\n\t\t\t<div class=\"elementor-widget-wrap elementor-element-populated\">\n\t\t\t\t\t\t<div class=\"elementor-element elementor-element-3b505aa animated-slow elementor-invisible elementor-widget elementor-widget-image\" data-id=\"3b505aa\" data-element_type=\"widget\" data-e-type=\"widget\" data-settings=\"{&quot;_animation&quot;:&quot;fadeIn&quot;}\" data-widget_type=\"image.default\">\n\t\t\t\t<div class=\"elementor-widget-container\">\n\t\t\t\t\t\t\t\t\t\t\t\t\t\t\t<img fetchpriority=\"high\" decoding=\"async\" width=\"450\" height=\"650\" src=\"https:\/\/www.agence-adimen.ch\/wp-content\/uploads\/2019\/05\/agence-detective-prive.jpg\" class=\"attachment-large size-large wp-image-2123\" alt=\"Agence ADIMEN - D\u00e9tectives priv\u00e9s\" srcset=\"https:\/\/www.agence-adimen.ch\/wp-content\/uploads\/2019\/05\/agence-detective-prive.jpg 450w, https:\/\/www.agence-adimen.ch\/wp-content\/uploads\/2019\/05\/agence-detective-prive-208x300.jpg 208w\" sizes=\"(max-width: 450px) 100vw, 450px\" \/>\t\t\t\t\t\t\t\t\t\t\t\t\t\t\t<\/div>\n\t\t\t\t<\/div>\n\t\t\t\t<div class=\"elementor-element elementor-element-0d13582 elementor-invisible elementor-widget elementor-widget-text-editor\" data-id=\"0d13582\" data-element_type=\"widget\" data-e-type=\"widget\" data-settings=\"{&quot;_animation&quot;:&quot;fadeIn&quot;}\" data-widget_type=\"text-editor.default\">\n\t\t\t\t<div class=\"elementor-widget-container\">\n\t\t\t\t\t\t\t\t\t<p>Notre \u00e9quipe de d\u00e9tectives priv\u00e9s se tient \u00e0 votre disposition 7 jours \/ 7.<\/p>\n\t\t\t\t\t\t\t\t<\/div>\n\t\t\t\t<\/div>\n\t\t\t\t\t<\/div>\n\t\t<\/div>\n\t\t\t\t\t<\/div>\n\t\t<\/section>\n\t\t\t\t<\/div>\n\t\t","protected":false},"excerpt":{"rendered":"<p>Our private detective agency Adimen Investigations Agency is a private investigation agency based in the heart of Geneva, specialized in private and business investigations. Our team consists of field agents from the private intelligence sector who are experienced in modern investigation techniques. Our team of analysts will guide you throughout the investigations in order to [&hellip;]<\/p>\n","protected":false},"author":2,"featured_media":0,"parent":0,"menu_order":0,"comment_status":"closed","ping_status":"closed","template":"","meta":{"_acf_changed":false,"site-sidebar-layout":"default","site-content-layout":"default","ast-site-content-layout":"default","site-content-style":"default","site-sidebar-style":"default","ast-global-header-display":"","ast-banner-title-visibility":"","ast-main-header-display":"","ast-hfb-above-header-display":"","ast-hfb-below-header-display":"","ast-hfb-mobile-header-display":"","site-post-title":"","ast-breadcrumbs-content":"","ast-featured-img":"","footer-sml-layout":"","ast-disable-related-posts":"","theme-transparent-header-meta":"default","adv-header-id-meta":"","stick-header-meta":"","header-above-stick-meta":"","header-main-stick-meta":"","header-below-stick-meta":"","astra-migrate-meta-layouts":"default","ast-page-background-enabled":"default","ast-page-background-meta":{"desktop":{"background-color":"","background-image":"","background-repeat":"repeat","background-position":"center center","background-size":"auto","background-attachment":"scroll","background-type":"","background-media":"","overlay-type":"","overlay-color":"","overlay-opacity":"","overlay-gradient":""},"tablet":{"background-color":"","background-image":"","background-repeat":"repeat","background-position":"center center","background-size":"auto","background-attachment":"scroll","background-type":"","background-media":"","overlay-type":"","overlay-color":"","overlay-opacity":"","overlay-gradient":""},"mobile":{"background-color":"","background-image":"","background-repeat":"repeat","background-position":"center center","background-size":"auto","background-attachment":"scroll","background-type":"","background-media":"","overlay-type":"","overlay-color":"","overlay-opacity":"","overlay-gradient":""}},"ast-content-background-meta":{"desktop":{"background-color":"var(--ast-global-color-5)","background-image":"","background-repeat":"repeat","background-position":"center center","background-size":"auto","background-attachment":"scroll","background-type":"","background-media":"","overlay-type":"","overlay-color":"","overlay-opacity":"","overlay-gradient":""},"tablet":{"background-color":"var(--ast-global-color-5)","background-image":"","background-repeat":"repeat","background-position":"center center","background-size":"auto","background-attachment":"scroll","background-type":"","background-media":"","overlay-type":"","overlay-color":"","overlay-opacity":"","overlay-gradient":""},"mobile":{"background-color":"var(--ast-global-color-5)","background-image":"","background-repeat":"repeat","background-position":"center center","background-size":"auto","background-attachment":"scroll","background-type":"","background-media":"","overlay-type":"","overlay-color":"","overlay-opacity":"","overlay-gradient":""}},"footnotes":""},"class_list":["post-2310","page","type-page","status-publish","hentry"],"acf":[],"yoast_head":"<!-- This site is optimized with the Yoast SEO plugin v26.8 - https:\/\/yoast.com\/product\/yoast-seo-wordpress\/ -->\n<title>The agency ADIMEN - Agence ADIMEN<\/title>\n<meta name=\"robots\" content=\"index, follow, max-snippet:-1, max-image-preview:large, max-video-preview:-1\" \/>\n<link rel=\"canonical\" href=\"https:\/\/www.agence-adimen.ch\/en\/lagence-adimen\/\" \/>\n<meta property=\"og:locale\" content=\"en_US\" \/>\n<meta property=\"og:type\" content=\"article\" \/>\n<meta property=\"og:title\" content=\"The agency ADIMEN - Agence ADIMEN\" \/>\n<meta property=\"og:description\" content=\"Our private detective agency Adimen Investigations Agency is a private investigation agency based in the heart of Geneva, specialized in private and business investigations. Our team consists of field agents from the private intelligence sector who are experienced in modern investigation techniques. Our team of analysts will guide you throughout the investigations in order to [&hellip;]\" \/>\n<meta property=\"og:url\" content=\"https:\/\/www.agence-adimen.ch\/en\/lagence-adimen\/\" \/>\n<meta property=\"og:site_name\" content=\"Agence ADIMEN\" \/>\n<meta property=\"article:modified_time\" content=\"2019-05-15T09:11:55+00:00\" \/>\n<meta property=\"og:image\" content=\"https:\/\/vvv.agence-adimen.ch\/wp-content\/uploads\/2019\/05\/agence-detective-prive.jpg\" \/>\n<meta name=\"twitter:card\" content=\"summary_large_image\" \/>\n<meta name=\"twitter:label1\" content=\"Est. reading time\" \/>\n\t<meta name=\"twitter:data1\" content=\"1 minute\" \/>\n<script type=\"application\/ld+json\" class=\"yoast-schema-graph\">{\"@context\":\"https:\/\/schema.org\",\"@graph\":[{\"@type\":\"WebPage\",\"@id\":\"https:\/\/www.agence-adimen.ch\/en\/lagence-adimen\/\",\"url\":\"https:\/\/www.agence-adimen.ch\/en\/lagence-adimen\/\",\"name\":\"The agency ADIMEN - Agence ADIMEN\",\"isPartOf\":{\"@id\":\"https:\/\/www.agence-adimen.ch\/en\/#website\"},\"primaryImageOfPage\":{\"@id\":\"https:\/\/www.agence-adimen.ch\/en\/lagence-adimen\/#primaryimage\"},\"image\":{\"@id\":\"https:\/\/www.agence-adimen.ch\/en\/lagence-adimen\/#primaryimage\"},\"thumbnailUrl\":\"https:\/\/vvv.agence-adimen.ch\/wp-content\/uploads\/2019\/05\/agence-detective-prive.jpg\",\"datePublished\":\"2019-05-15T06:56:21+00:00\",\"dateModified\":\"2019-05-15T09:11:55+00:00\",\"breadcrumb\":{\"@id\":\"https:\/\/www.agence-adimen.ch\/en\/lagence-adimen\/#breadcrumb\"},\"inLanguage\":\"en-US\",\"potentialAction\":[{\"@type\":\"ReadAction\",\"target\":[\"https:\/\/www.agence-adimen.ch\/en\/lagence-adimen\/\"]}]},{\"@type\":\"ImageObject\",\"inLanguage\":\"en-US\",\"@id\":\"https:\/\/www.agence-adimen.ch\/en\/lagence-adimen\/#primaryimage\",\"url\":\"https:\/\/vvv.agence-adimen.ch\/wp-content\/uploads\/2019\/05\/agence-detective-prive.jpg\",\"contentUrl\":\"https:\/\/vvv.agence-adimen.ch\/wp-content\/uploads\/2019\/05\/agence-detective-prive.jpg\"},{\"@type\":\"BreadcrumbList\",\"@id\":\"https:\/\/www.agence-adimen.ch\/en\/lagence-adimen\/#breadcrumb\",\"itemListElement\":[{\"@type\":\"ListItem\",\"position\":1,\"name\":\"Accueil\",\"item\":\"https:\/\/www.agence-adimen.ch\/en\/\"},{\"@type\":\"ListItem\",\"position\":2,\"name\":\"The agency ADIMEN\"}]},{\"@type\":\"WebSite\",\"@id\":\"https:\/\/www.agence-adimen.ch\/en\/#website\",\"url\":\"https:\/\/www.agence-adimen.ch\/en\/\",\"name\":\"Agence ADIMEN\",\"description\":\"D\u00e9tectives priv\u00e9s: surveillance op\u00e9rationnelle et contre-mesures\",\"potentialAction\":[{\"@type\":\"SearchAction\",\"target\":{\"@type\":\"EntryPoint\",\"urlTemplate\":\"https:\/\/www.agence-adimen.ch\/en\/?s={search_term_string}\"},\"query-input\":{\"@type\":\"PropertyValueSpecification\",\"valueRequired\":true,\"valueName\":\"search_term_string\"}}],\"inLanguage\":\"en-US\"}]}<\/script>\n<!-- \/ Yoast SEO plugin. -->","yoast_head_json":{"title":"The agency ADIMEN - Agence ADIMEN","robots":{"index":"index","follow":"follow","max-snippet":"max-snippet:-1","max-image-preview":"max-image-preview:large","max-video-preview":"max-video-preview:-1"},"canonical":"https:\/\/www.agence-adimen.ch\/en\/lagence-adimen\/","og_locale":"en_US","og_type":"article","og_title":"The agency ADIMEN - Agence ADIMEN","og_description":"Our private detective agency Adimen Investigations Agency is a private investigation agency based in the heart of Geneva, specialized in private and business investigations. Our team consists of field agents from the private intelligence sector who are experienced in modern investigation techniques. Our team of analysts will guide you throughout the investigations in order to [&hellip;]","og_url":"https:\/\/www.agence-adimen.ch\/en\/lagence-adimen\/","og_site_name":"Agence ADIMEN","article_modified_time":"2019-05-15T09:11:55+00:00","og_image":[{"url":"https:\/\/vvv.agence-adimen.ch\/wp-content\/uploads\/2019\/05\/agence-detective-prive.jpg","type":"","width":"","height":""}],"twitter_card":"summary_large_image","twitter_misc":{"Est. reading time":"1 minute"},"schema":{"@context":"https:\/\/schema.org","@graph":[{"@type":"WebPage","@id":"https:\/\/www.agence-adimen.ch\/en\/lagence-adimen\/","url":"https:\/\/www.agence-adimen.ch\/en\/lagence-adimen\/","name":"The agency ADIMEN - Agence ADIMEN","isPartOf":{"@id":"https:\/\/www.agence-adimen.ch\/en\/#website"},"primaryImageOfPage":{"@id":"https:\/\/www.agence-adimen.ch\/en\/lagence-adimen\/#primaryimage"},"image":{"@id":"https:\/\/www.agence-adimen.ch\/en\/lagence-adimen\/#primaryimage"},"thumbnailUrl":"https:\/\/vvv.agence-adimen.ch\/wp-content\/uploads\/2019\/05\/agence-detective-prive.jpg","datePublished":"2019-05-15T06:56:21+00:00","dateModified":"2019-05-15T09:11:55+00:00","breadcrumb":{"@id":"https:\/\/www.agence-adimen.ch\/en\/lagence-adimen\/#breadcrumb"},"inLanguage":"en-US","potentialAction":[{"@type":"ReadAction","target":["https:\/\/www.agence-adimen.ch\/en\/lagence-adimen\/"]}]},{"@type":"ImageObject","inLanguage":"en-US","@id":"https:\/\/www.agence-adimen.ch\/en\/lagence-adimen\/#primaryimage","url":"https:\/\/vvv.agence-adimen.ch\/wp-content\/uploads\/2019\/05\/agence-detective-prive.jpg","contentUrl":"https:\/\/vvv.agence-adimen.ch\/wp-content\/uploads\/2019\/05\/agence-detective-prive.jpg"},{"@type":"BreadcrumbList","@id":"https:\/\/www.agence-adimen.ch\/en\/lagence-adimen\/#breadcrumb","itemListElement":[{"@type":"ListItem","position":1,"name":"Accueil","item":"https:\/\/www.agence-adimen.ch\/en\/"},{"@type":"ListItem","position":2,"name":"The agency ADIMEN"}]},{"@type":"WebSite","@id":"https:\/\/www.agence-adimen.ch\/en\/#website","url":"https:\/\/www.agence-adimen.ch\/en\/","name":"Agence ADIMEN","description":"D\u00e9tectives priv\u00e9s: surveillance op\u00e9rationnelle et contre-mesures","potentialAction":[{"@type":"SearchAction","target":{"@type":"EntryPoint","urlTemplate":"https:\/\/www.agence-adimen.ch\/en\/?s={search_term_string}"},"query-input":{"@type":"PropertyValueSpecification","valueRequired":true,"valueName":"search_term_string"}}],"inLanguage":"en-US"}]}},"_links":{"self":[{"href":"https:\/\/www.agence-adimen.ch\/en\/wp-json\/wp\/v2\/pages\/2310","targetHints":{"allow":["GET"]}}],"collection":[{"href":"https:\/\/www.agence-adimen.ch\/en\/wp-json\/wp\/v2\/pages"}],"about":[{"href":"https:\/\/www.agence-adimen.ch\/en\/wp-json\/wp\/v2\/types\/page"}],"author":[{"embeddable":true,"href":"https:\/\/www.agence-adimen.ch\/en\/wp-json\/wp\/v2\/users\/2"}],"replies":[{"embeddable":true,"href":"https:\/\/www.agence-adimen.ch\/en\/wp-json\/wp\/v2\/comments?post=2310"}],"version-history":[{"count":0,"href":"https:\/\/www.agence-adimen.ch\/en\/wp-json\/wp\/v2\/pages\/2310\/revisions"}],"wp:attachment":[{"href":"https:\/\/www.agence-adimen.ch\/en\/wp-json\/wp\/v2\/media?parent=2310"}],"curies":[{"name":"wp","href":"https:\/\/api.w.org\/{rel}","templated":true}]}}