{"id":2297,"date":"2019-05-15T08:37:06","date_gmt":"2019-05-15T06:37:06","guid":{"rendered":"https:\/\/vvv.agence-adimen.ch\/service-de-contre-mesures\/"},"modified":"2019-05-15T11:22:45","modified_gmt":"2019-05-15T09:22:45","slug":"service-de-contre-mesures","status":"publish","type":"page","link":"https:\/\/www.agence-adimen.ch\/en\/service-de-contre-mesures\/","title":{"rendered":"Counter-measure service"},"content":{"rendered":"\t\t<div data-elementor-type=\"wp-post\" data-elementor-id=\"2297\" class=\"elementor elementor-2297 elementor-2188\" data-elementor-post-type=\"page\">\n\t\t\t\t\t\t<section class=\"elementor-section elementor-top-section elementor-element elementor-element-af5eef7 elementor-section-boxed elementor-section-height-default elementor-section-height-default\" data-id=\"af5eef7\" data-element_type=\"section\" data-e-type=\"section\">\n\t\t\t\t\t\t<div class=\"elementor-container elementor-column-gap-default\">\n\t\t\t\t\t<div class=\"elementor-column elementor-col-50 elementor-top-column elementor-element elementor-element-2c7e86c\" data-id=\"2c7e86c\" data-element_type=\"column\" data-e-type=\"column\">\n\t\t\t<div class=\"elementor-widget-wrap elementor-element-populated\">\n\t\t\t\t\t\t<div class=\"elementor-element elementor-element-e8d5254 elementor-widget elementor-widget-text-editor\" data-id=\"e8d5254\" data-element_type=\"widget\" data-e-type=\"widget\" data-widget_type=\"text-editor.default\">\n\t\t\t\t<div class=\"elementor-widget-container\">\n\t\t\t\t\t\t\t\t\t<h2 style=\"font-style: normal;\">Counter-Measures<\/h2><div class=\"sup-blue\" style=\"font-size: 15px; font-style: normal; font-weight: 400;\">\u00a0<\/div><h4>Adimen Investigations Agency in Geneva offers a surveillance detection service for professionals and individuals who suspect an invasion of their privacy.<\/h4>\t\t\t\t\t\t\t\t<\/div>\n\t\t\t\t<\/div>\n\t\t\t\t<div class=\"elementor-element elementor-element-b5d9793 elementor-widget elementor-widget-text-editor\" data-id=\"b5d9793\" data-element_type=\"widget\" data-e-type=\"widget\" data-widget_type=\"text-editor.default\">\n\t\t\t\t<div class=\"elementor-widget-container\">\n\t\t\t\t\t\t\t\t\t<h3>Counter-surveillance<\/h3><p>Adimen Investigations Agency in Geneva offers a surveillance detection service for professionals and individuals who suspect an invasion of their privacy.<\/p><p>Counter-surveillance is an operational procedure to locate and identify one or more individuals who may be monitoring you.<\/p><p>There are many reasons, an inquisitive colleague, a malicious competitor or an intrusive third party. We watch your back and implement undetectable counter-measures that allow us to determine with certainty whether or not you are a victim of surveillance arrangements.<\/p><h5 style=\"text-align: center;\"><span style=\"color: #335182;\"><strong>By vehicle or on foot, our team watches your back<\/strong><\/span><\/h5><p>We intervene in the context of your travel as well as your professional meetings and we guarantee the confidentiality of your schedule. Through our field analysis, we enable you to better secure your information.<\/p><h3>Electronic counter-measures<\/h3><p>Equipped with cutting-edge detection equipment, our specialized private detective countermeasure team implements detection tools to identify surveillance devices that have been installed without your knowledge. Hidden listening devices, \u201cspy cameras\u201d or vehicle tracking devices. We ensure the protection of your workspace, private home and vehicle in order to guarantee the confidentiality of your exchanges.<\/p>\t\t\t\t\t\t\t\t<\/div>\n\t\t\t\t<\/div>\n\t\t\t\t\t<\/div>\n\t\t<\/div>\n\t\t\t\t<div class=\"elementor-column elementor-col-50 elementor-top-column elementor-element elementor-element-3efb582\" data-id=\"3efb582\" data-element_type=\"column\" data-e-type=\"column\">\n\t\t\t<div class=\"elementor-widget-wrap elementor-element-populated\">\n\t\t\t\t\t\t<div class=\"elementor-element elementor-element-5cfb5d8 elementor-invisible elementor-widget elementor-widget-image\" data-id=\"5cfb5d8\" data-element_type=\"widget\" data-e-type=\"widget\" data-settings=\"{&quot;_animation&quot;:&quot;fadeIn&quot;}\" data-widget_type=\"image.default\">\n\t\t\t\t<div class=\"elementor-widget-container\">\n\t\t\t\t\t\t\t\t\t\t\t\t\t\t\t<img fetchpriority=\"high\" decoding=\"async\" width=\"450\" height=\"650\" src=\"https:\/\/www.agence-adimen.ch\/wp-content\/uploads\/2019\/05\/observation_detective_prive-1.jpg\" class=\"attachment-full size-full wp-image-2203\" alt=\"Observation d\u00e9tective priv\u00e9 - Contre-mesures\" srcset=\"https:\/\/www.agence-adimen.ch\/wp-content\/uploads\/2019\/05\/observation_detective_prive-1.jpg 450w, https:\/\/www.agence-adimen.ch\/wp-content\/uploads\/2019\/05\/observation_detective_prive-1-208x300.jpg 208w\" sizes=\"(max-width: 450px) 100vw, 450px\" \/>\t\t\t\t\t\t\t\t\t\t\t\t\t\t\t<\/div>\n\t\t\t\t<\/div>\n\t\t\t\t<div class=\"elementor-element elementor-element-14d8c98 elementor-invisible elementor-widget elementor-widget-text-editor\" data-id=\"14d8c98\" data-element_type=\"widget\" data-e-type=\"widget\" data-settings=\"{&quot;_animation&quot;:&quot;fadeIn&quot;}\" data-widget_type=\"text-editor.default\">\n\t\t\t\t<div class=\"elementor-widget-container\">\n\t\t\t\t\t\t\t\t\t<p>Nos agents de terrain sont experts en mati\u00e8re de contre-mesures<\/p>\t\t\t\t\t\t\t\t<\/div>\n\t\t\t\t<\/div>\n\t\t\t\t\t<\/div>\n\t\t<\/div>\n\t\t\t\t\t<\/div>\n\t\t<\/section>\n\t\t\t\t<\/div>\n\t\t","protected":false},"excerpt":{"rendered":"<p>Counter-Measures \u00a0 Adimen Investigations Agency in Geneva offers a surveillance detection service for professionals and individuals who suspect an invasion of their privacy. Counter-surveillance Adimen Investigations Agency in Geneva offers a surveillance detection service for professionals and individuals who suspect an invasion of their privacy. Counter-surveillance is an operational procedure to locate and identify one [&hellip;]<\/p>\n","protected":false},"author":1,"featured_media":0,"parent":0,"menu_order":0,"comment_status":"closed","ping_status":"closed","template":"","meta":{"_acf_changed":false,"site-sidebar-layout":"default","site-content-layout":"default","ast-site-content-layout":"default","site-content-style":"default","site-sidebar-style":"default","ast-global-header-display":"","ast-banner-title-visibility":"","ast-main-header-display":"","ast-hfb-above-header-display":"","ast-hfb-below-header-display":"","ast-hfb-mobile-header-display":"","site-post-title":"","ast-breadcrumbs-content":"","ast-featured-img":"","footer-sml-layout":"","ast-disable-related-posts":"","theme-transparent-header-meta":"default","adv-header-id-meta":"","stick-header-meta":"","header-above-stick-meta":"","header-main-stick-meta":"","header-below-stick-meta":"","astra-migrate-meta-layouts":"default","ast-page-background-enabled":"default","ast-page-background-meta":{"desktop":{"background-color":"","background-image":"","background-repeat":"repeat","background-position":"center center","background-size":"auto","background-attachment":"scroll","background-type":"","background-media":"","overlay-type":"","overlay-color":"","overlay-opacity":"","overlay-gradient":""},"tablet":{"background-color":"","background-image":"","background-repeat":"repeat","background-position":"center center","background-size":"auto","background-attachment":"scroll","background-type":"","background-media":"","overlay-type":"","overlay-color":"","overlay-opacity":"","overlay-gradient":""},"mobile":{"background-color":"","background-image":"","background-repeat":"repeat","background-position":"center center","background-size":"auto","background-attachment":"scroll","background-type":"","background-media":"","overlay-type":"","overlay-color":"","overlay-opacity":"","overlay-gradient":""}},"ast-content-background-meta":{"desktop":{"background-color":"var(--ast-global-color-5)","background-image":"","background-repeat":"repeat","background-position":"center center","background-size":"auto","background-attachment":"scroll","background-type":"","background-media":"","overlay-type":"","overlay-color":"","overlay-opacity":"","overlay-gradient":""},"tablet":{"background-color":"var(--ast-global-color-5)","background-image":"","background-repeat":"repeat","background-position":"center center","background-size":"auto","background-attachment":"scroll","background-type":"","background-media":"","overlay-type":"","overlay-color":"","overlay-opacity":"","overlay-gradient":""},"mobile":{"background-color":"var(--ast-global-color-5)","background-image":"","background-repeat":"repeat","background-position":"center center","background-size":"auto","background-attachment":"scroll","background-type":"","background-media":"","overlay-type":"","overlay-color":"","overlay-opacity":"","overlay-gradient":""}},"footnotes":""},"class_list":["post-2297","page","type-page","status-publish","hentry"],"acf":[],"yoast_head":"<!-- This site is optimized with the Yoast SEO plugin v26.8 - https:\/\/yoast.com\/product\/yoast-seo-wordpress\/ -->\n<title>Agence de d\u00e9tective priv\u00e9 \u00e0 Gen\u00e8ve - Agence ADIMEN<\/title>\n<meta name=\"description\" content=\"Agence Adimen Investigations \u00e0 Gen\u00e8ve. Services de d\u00e9tectives priv\u00e9s, enqu\u00eates, surveillance, renseignement. Nous vous accueillons dans nos bureaux \u00e0 Gen\u00e8ve.\" \/>\n<meta name=\"robots\" content=\"index, follow, max-snippet:-1, max-image-preview:large, max-video-preview:-1\" \/>\n<link rel=\"canonical\" href=\"https:\/\/www.agence-adimen.ch\/en\/service-de-contre-mesures\/\" \/>\n<meta property=\"og:locale\" content=\"en_US\" \/>\n<meta property=\"og:type\" content=\"article\" \/>\n<meta property=\"og:title\" content=\"Agence de d\u00e9tective priv\u00e9 \u00e0 Gen\u00e8ve - Agence ADIMEN\" \/>\n<meta property=\"og:description\" content=\"Agence Adimen Investigations \u00e0 Gen\u00e8ve. Services de d\u00e9tectives priv\u00e9s, enqu\u00eates, surveillance, renseignement. Nous vous accueillons dans nos bureaux \u00e0 Gen\u00e8ve.\" \/>\n<meta property=\"og:url\" content=\"https:\/\/www.agence-adimen.ch\/en\/service-de-contre-mesures\/\" \/>\n<meta property=\"og:site_name\" content=\"Agence ADIMEN\" \/>\n<meta property=\"article:modified_time\" content=\"2019-05-15T09:22:45+00:00\" \/>\n<meta property=\"og:image\" content=\"https:\/\/vvv.agence-adimen.ch\/wp-content\/uploads\/2019\/05\/observation_detective_prive-1.jpg\" \/>\n<meta name=\"twitter:card\" content=\"summary_large_image\" \/>\n<meta name=\"twitter:label1\" content=\"Est. reading time\" \/>\n\t<meta name=\"twitter:data1\" content=\"1 minute\" \/>\n<script type=\"application\/ld+json\" class=\"yoast-schema-graph\">{\"@context\":\"https:\/\/schema.org\",\"@graph\":[{\"@type\":\"WebPage\",\"@id\":\"https:\/\/www.agence-adimen.ch\/en\/service-de-contre-mesures\/\",\"url\":\"https:\/\/www.agence-adimen.ch\/en\/service-de-contre-mesures\/\",\"name\":\"Agence de d\u00e9tective priv\u00e9 \u00e0 Gen\u00e8ve - Agence ADIMEN\",\"isPartOf\":{\"@id\":\"https:\/\/www.agence-adimen.ch\/en\/#website\"},\"primaryImageOfPage\":{\"@id\":\"https:\/\/www.agence-adimen.ch\/en\/service-de-contre-mesures\/#primaryimage\"},\"image\":{\"@id\":\"https:\/\/www.agence-adimen.ch\/en\/service-de-contre-mesures\/#primaryimage\"},\"thumbnailUrl\":\"https:\/\/vvv.agence-adimen.ch\/wp-content\/uploads\/2019\/05\/observation_detective_prive-1.jpg\",\"datePublished\":\"2019-05-15T06:37:06+00:00\",\"dateModified\":\"2019-05-15T09:22:45+00:00\",\"description\":\"Agence Adimen Investigations \u00e0 Gen\u00e8ve. Services de d\u00e9tectives priv\u00e9s, enqu\u00eates, surveillance, renseignement. Nous vous accueillons dans nos bureaux \u00e0 Gen\u00e8ve.\",\"breadcrumb\":{\"@id\":\"https:\/\/www.agence-adimen.ch\/en\/service-de-contre-mesures\/#breadcrumb\"},\"inLanguage\":\"en-US\",\"potentialAction\":[{\"@type\":\"ReadAction\",\"target\":[\"https:\/\/www.agence-adimen.ch\/en\/service-de-contre-mesures\/\"]}]},{\"@type\":\"ImageObject\",\"inLanguage\":\"en-US\",\"@id\":\"https:\/\/www.agence-adimen.ch\/en\/service-de-contre-mesures\/#primaryimage\",\"url\":\"https:\/\/vvv.agence-adimen.ch\/wp-content\/uploads\/2019\/05\/observation_detective_prive-1.jpg\",\"contentUrl\":\"https:\/\/vvv.agence-adimen.ch\/wp-content\/uploads\/2019\/05\/observation_detective_prive-1.jpg\"},{\"@type\":\"BreadcrumbList\",\"@id\":\"https:\/\/www.agence-adimen.ch\/en\/service-de-contre-mesures\/#breadcrumb\",\"itemListElement\":[{\"@type\":\"ListItem\",\"position\":1,\"name\":\"Accueil\",\"item\":\"https:\/\/www.agence-adimen.ch\/en\/\"},{\"@type\":\"ListItem\",\"position\":2,\"name\":\"Counter-measure service\"}]},{\"@type\":\"WebSite\",\"@id\":\"https:\/\/www.agence-adimen.ch\/en\/#website\",\"url\":\"https:\/\/www.agence-adimen.ch\/en\/\",\"name\":\"Agence ADIMEN\",\"description\":\"D\u00e9tectives priv\u00e9s: surveillance op\u00e9rationnelle et contre-mesures\",\"potentialAction\":[{\"@type\":\"SearchAction\",\"target\":{\"@type\":\"EntryPoint\",\"urlTemplate\":\"https:\/\/www.agence-adimen.ch\/en\/?s={search_term_string}\"},\"query-input\":{\"@type\":\"PropertyValueSpecification\",\"valueRequired\":true,\"valueName\":\"search_term_string\"}}],\"inLanguage\":\"en-US\"}]}<\/script>\n<!-- \/ Yoast SEO plugin. -->","yoast_head_json":{"title":"Agence de d\u00e9tective priv\u00e9 \u00e0 Gen\u00e8ve - Agence ADIMEN","description":"Agence Adimen Investigations \u00e0 Gen\u00e8ve. Services de d\u00e9tectives priv\u00e9s, enqu\u00eates, surveillance, renseignement. Nous vous accueillons dans nos bureaux \u00e0 Gen\u00e8ve.","robots":{"index":"index","follow":"follow","max-snippet":"max-snippet:-1","max-image-preview":"max-image-preview:large","max-video-preview":"max-video-preview:-1"},"canonical":"https:\/\/www.agence-adimen.ch\/en\/service-de-contre-mesures\/","og_locale":"en_US","og_type":"article","og_title":"Agence de d\u00e9tective priv\u00e9 \u00e0 Gen\u00e8ve - Agence ADIMEN","og_description":"Agence Adimen Investigations \u00e0 Gen\u00e8ve. Services de d\u00e9tectives priv\u00e9s, enqu\u00eates, surveillance, renseignement. Nous vous accueillons dans nos bureaux \u00e0 Gen\u00e8ve.","og_url":"https:\/\/www.agence-adimen.ch\/en\/service-de-contre-mesures\/","og_site_name":"Agence ADIMEN","article_modified_time":"2019-05-15T09:22:45+00:00","og_image":[{"url":"https:\/\/vvv.agence-adimen.ch\/wp-content\/uploads\/2019\/05\/observation_detective_prive-1.jpg","type":"","width":"","height":""}],"twitter_card":"summary_large_image","twitter_misc":{"Est. reading time":"1 minute"},"schema":{"@context":"https:\/\/schema.org","@graph":[{"@type":"WebPage","@id":"https:\/\/www.agence-adimen.ch\/en\/service-de-contre-mesures\/","url":"https:\/\/www.agence-adimen.ch\/en\/service-de-contre-mesures\/","name":"Agence de d\u00e9tective priv\u00e9 \u00e0 Gen\u00e8ve - Agence ADIMEN","isPartOf":{"@id":"https:\/\/www.agence-adimen.ch\/en\/#website"},"primaryImageOfPage":{"@id":"https:\/\/www.agence-adimen.ch\/en\/service-de-contre-mesures\/#primaryimage"},"image":{"@id":"https:\/\/www.agence-adimen.ch\/en\/service-de-contre-mesures\/#primaryimage"},"thumbnailUrl":"https:\/\/vvv.agence-adimen.ch\/wp-content\/uploads\/2019\/05\/observation_detective_prive-1.jpg","datePublished":"2019-05-15T06:37:06+00:00","dateModified":"2019-05-15T09:22:45+00:00","description":"Agence Adimen Investigations \u00e0 Gen\u00e8ve. Services de d\u00e9tectives priv\u00e9s, enqu\u00eates, surveillance, renseignement. Nous vous accueillons dans nos bureaux \u00e0 Gen\u00e8ve.","breadcrumb":{"@id":"https:\/\/www.agence-adimen.ch\/en\/service-de-contre-mesures\/#breadcrumb"},"inLanguage":"en-US","potentialAction":[{"@type":"ReadAction","target":["https:\/\/www.agence-adimen.ch\/en\/service-de-contre-mesures\/"]}]},{"@type":"ImageObject","inLanguage":"en-US","@id":"https:\/\/www.agence-adimen.ch\/en\/service-de-contre-mesures\/#primaryimage","url":"https:\/\/vvv.agence-adimen.ch\/wp-content\/uploads\/2019\/05\/observation_detective_prive-1.jpg","contentUrl":"https:\/\/vvv.agence-adimen.ch\/wp-content\/uploads\/2019\/05\/observation_detective_prive-1.jpg"},{"@type":"BreadcrumbList","@id":"https:\/\/www.agence-adimen.ch\/en\/service-de-contre-mesures\/#breadcrumb","itemListElement":[{"@type":"ListItem","position":1,"name":"Accueil","item":"https:\/\/www.agence-adimen.ch\/en\/"},{"@type":"ListItem","position":2,"name":"Counter-measure service"}]},{"@type":"WebSite","@id":"https:\/\/www.agence-adimen.ch\/en\/#website","url":"https:\/\/www.agence-adimen.ch\/en\/","name":"Agence ADIMEN","description":"D\u00e9tectives priv\u00e9s: surveillance op\u00e9rationnelle et contre-mesures","potentialAction":[{"@type":"SearchAction","target":{"@type":"EntryPoint","urlTemplate":"https:\/\/www.agence-adimen.ch\/en\/?s={search_term_string}"},"query-input":{"@type":"PropertyValueSpecification","valueRequired":true,"valueName":"search_term_string"}}],"inLanguage":"en-US"}]}},"_links":{"self":[{"href":"https:\/\/www.agence-adimen.ch\/en\/wp-json\/wp\/v2\/pages\/2297","targetHints":{"allow":["GET"]}}],"collection":[{"href":"https:\/\/www.agence-adimen.ch\/en\/wp-json\/wp\/v2\/pages"}],"about":[{"href":"https:\/\/www.agence-adimen.ch\/en\/wp-json\/wp\/v2\/types\/page"}],"author":[{"embeddable":true,"href":"https:\/\/www.agence-adimen.ch\/en\/wp-json\/wp\/v2\/users\/1"}],"replies":[{"embeddable":true,"href":"https:\/\/www.agence-adimen.ch\/en\/wp-json\/wp\/v2\/comments?post=2297"}],"version-history":[{"count":0,"href":"https:\/\/www.agence-adimen.ch\/en\/wp-json\/wp\/v2\/pages\/2297\/revisions"}],"wp:attachment":[{"href":"https:\/\/www.agence-adimen.ch\/en\/wp-json\/wp\/v2\/media?parent=2297"}],"curies":[{"name":"wp","href":"https:\/\/api.w.org\/{rel}","templated":true}]}}