{"id":2018,"date":"2019-05-10T08:22:17","date_gmt":"2019-05-10T06:22:17","guid":{"rendered":"https:\/\/vvv.agence-adimen.ch\/reseau-international\/"},"modified":"2019-05-15T11:24:24","modified_gmt":"2019-05-15T09:24:24","slug":"reseau-international","status":"publish","type":"page","link":"https:\/\/www.agence-adimen.ch\/en\/reseau-international\/","title":{"rendered":"International network"},"content":{"rendered":"\t\t<div data-elementor-type=\"wp-post\" data-elementor-id=\"2018\" class=\"elementor elementor-2018 elementor-1155\" data-elementor-post-type=\"page\">\n\t\t\t\t\t\t<section class=\"elementor-section elementor-top-section elementor-element elementor-element-32fb098 elementor-section-boxed elementor-section-height-default elementor-section-height-default\" data-id=\"32fb098\" data-element_type=\"section\" data-e-type=\"section\">\n\t\t\t\t\t\t<div class=\"elementor-container elementor-column-gap-default\">\n\t\t\t\t\t<div class=\"elementor-column elementor-col-50 elementor-top-column elementor-element elementor-element-c883a2b\" data-id=\"c883a2b\" data-element_type=\"column\" data-e-type=\"column\">\n\t\t\t<div class=\"elementor-widget-wrap elementor-element-populated\">\n\t\t\t\t\t\t<div class=\"elementor-element elementor-element-f0d6501 elementor-widget elementor-widget-text-editor\" data-id=\"f0d6501\" data-element_type=\"widget\" data-e-type=\"widget\" data-widget_type=\"text-editor.default\">\n\t\t\t\t<div class=\"elementor-widget-container\">\n\t\t\t\t\t\t\t\t\t<h2>Interventions in Switzerland and abroad<\/h2><div class=\"sup-blue\">\u00a0<\/div><h4>Adimen Investigations Agency Geneva offers intervention services and logistical support for local and international investigation professionals.<\/h4><p>With our strong international network of experienced legal and intelligence\u00a0<strong>private detective<\/strong>\u00a0professionals, we strive to develop broad and active partnerships in the field of private investigation, through our various international affiliations.<\/p><h3>Private detectives for international services<\/h3><p>Travel for the purpose of an investigation is often a constraint and concern for all team leaders.\u00a0Field knowledge and networks are essential for the effective implementation of an operation.\u00a0The cost of trips abroad for one or more agents is also a non-negligible factor.<\/p><p>Adimen Investigations Agency provides a team of agents with extensive field intervention experience, available in Switzerland and abroad.\u00a0Our vehicle fleet is quite diverse, including two and four-wheel vehicles, with both Swiss and French plates.\u00a0In order to guarantee optimal results, we provide all of the necessary equipment for the assignment.<\/p><p>Cooperation is the key to success. We would like to emphasize the availability of our services as well as our commitment to handling any information received or transmitted in a strictly confidential manner. To guarantee a productive working atmosphere, we offer preferential pricing to our fellow colleagues.<\/p>\t\t\t\t\t\t\t\t<\/div>\n\t\t\t\t<\/div>\n\t\t\t\t\t<\/div>\n\t\t<\/div>\n\t\t\t\t<div class=\"elementor-column elementor-col-50 elementor-top-column elementor-element elementor-element-d36addc\" data-id=\"d36addc\" data-element_type=\"column\" data-e-type=\"column\">\n\t\t\t<div class=\"elementor-widget-wrap elementor-element-populated\">\n\t\t\t\t\t\t<div class=\"elementor-element elementor-element-778dfae elementor-invisible elementor-widget elementor-widget-image\" data-id=\"778dfae\" data-element_type=\"widget\" data-e-type=\"widget\" data-settings=\"{&quot;_animation&quot;:&quot;fadeIn&quot;}\" data-widget_type=\"image.default\">\n\t\t\t\t<div class=\"elementor-widget-container\">\n\t\t\t\t\t\t\t\t\t\t\t\t\t\t\t<img fetchpriority=\"high\" decoding=\"async\" width=\"450\" height=\"650\" src=\"https:\/\/www.agence-adimen.ch\/wp-content\/uploads\/2019\/05\/reseau_detective-International.jpg\" class=\"attachment-full size-full wp-image-2265\" alt=\"R\u00e9seau international de d\u00e9tectives priv\u00e9s\" srcset=\"https:\/\/www.agence-adimen.ch\/wp-content\/uploads\/2019\/05\/reseau_detective-International.jpg 450w, https:\/\/www.agence-adimen.ch\/wp-content\/uploads\/2019\/05\/reseau_detective-International-208x300.jpg 208w\" sizes=\"(max-width: 450px) 100vw, 450px\" \/>\t\t\t\t\t\t\t\t\t\t\t\t\t\t\t<\/div>\n\t\t\t\t<\/div>\n\t\t\t\t<div class=\"elementor-element elementor-element-33b0b79 elementor-invisible elementor-widget elementor-widget-text-editor\" data-id=\"33b0b79\" data-element_type=\"widget\" data-e-type=\"widget\" data-settings=\"{&quot;_animation&quot;:&quot;fadeIn&quot;}\" data-widget_type=\"text-editor.default\">\n\t\t\t\t<div class=\"elementor-widget-container\">\n\t\t\t\t\t\t\t\t\t<p>La collaboration, cl\u00e9 du succ\u00e8s dans le monde du renseignement.<\/p>\t\t\t\t\t\t\t\t<\/div>\n\t\t\t\t<\/div>\n\t\t\t\t\t<\/div>\n\t\t<\/div>\n\t\t\t\t\t<\/div>\n\t\t<\/section>\n\t\t\t\t<\/div>\n\t\t","protected":false},"excerpt":{"rendered":"<p>Interventions in Switzerland and abroad \u00a0 Adimen Investigations Agency Geneva offers intervention services and logistical support for local and international investigation professionals. With our strong international network of experienced legal and intelligence\u00a0private detective\u00a0professionals, we strive to develop broad and active partnerships in the field of private investigation, through our various international affiliations. Private detectives for [&hellip;]<\/p>\n","protected":false},"author":2,"featured_media":0,"parent":0,"menu_order":0,"comment_status":"closed","ping_status":"closed","template":"","meta":{"_acf_changed":false,"site-sidebar-layout":"default","site-content-layout":"default","ast-site-content-layout":"default","site-content-style":"default","site-sidebar-style":"default","ast-global-header-display":"","ast-banner-title-visibility":"","ast-main-header-display":"","ast-hfb-above-header-display":"","ast-hfb-below-header-display":"","ast-hfb-mobile-header-display":"","site-post-title":"","ast-breadcrumbs-content":"","ast-featured-img":"","footer-sml-layout":"","ast-disable-related-posts":"","theme-transparent-header-meta":"default","adv-header-id-meta":"","stick-header-meta":"","header-above-stick-meta":"","header-main-stick-meta":"","header-below-stick-meta":"","astra-migrate-meta-layouts":"default","ast-page-background-enabled":"default","ast-page-background-meta":{"desktop":{"background-color":"","background-image":"","background-repeat":"repeat","background-position":"center center","background-size":"auto","background-attachment":"scroll","background-type":"","background-media":"","overlay-type":"","overlay-color":"","overlay-opacity":"","overlay-gradient":""},"tablet":{"background-color":"","background-image":"","background-repeat":"repeat","background-position":"center center","background-size":"auto","background-attachment":"scroll","background-type":"","background-media":"","overlay-type":"","overlay-color":"","overlay-opacity":"","overlay-gradient":""},"mobile":{"background-color":"","background-image":"","background-repeat":"repeat","background-position":"center center","background-size":"auto","background-attachment":"scroll","background-type":"","background-media":"","overlay-type":"","overlay-color":"","overlay-opacity":"","overlay-gradient":""}},"ast-content-background-meta":{"desktop":{"background-color":"var(--ast-global-color-5)","background-image":"","background-repeat":"repeat","background-position":"center center","background-size":"auto","background-attachment":"scroll","background-type":"","background-media":"","overlay-type":"","overlay-color":"","overlay-opacity":"","overlay-gradient":""},"tablet":{"background-color":"var(--ast-global-color-5)","background-image":"","background-repeat":"repeat","background-position":"center center","background-size":"auto","background-attachment":"scroll","background-type":"","background-media":"","overlay-type":"","overlay-color":"","overlay-opacity":"","overlay-gradient":""},"mobile":{"background-color":"var(--ast-global-color-5)","background-image":"","background-repeat":"repeat","background-position":"center center","background-size":"auto","background-attachment":"scroll","background-type":"","background-media":"","overlay-type":"","overlay-color":"","overlay-opacity":"","overlay-gradient":""}},"footnotes":""},"class_list":["post-2018","page","type-page","status-publish","hentry"],"acf":[],"yoast_head":"<!-- This site is optimized with the Yoast SEO plugin v26.8 - https:\/\/yoast.com\/product\/yoast-seo-wordpress\/ -->\n<title>Un r\u00e9seau de d\u00e9tectives priv\u00e9s dans le monde entier - Agence ADIMEN<\/title>\n<meta name=\"description\" content=\"Les d\u00e9tectives priv\u00e9s d&#039;Adimen poss\u00e8dent un r\u00e9seau \u00e9tendu \u00e0 l&#039;\u00e9tranger optimiser le d\u00e9roulement d&#039;une enqu\u00eate surveillance ou filature \u00e0 l&#039;international\" \/>\n<meta name=\"robots\" content=\"index, follow, max-snippet:-1, max-image-preview:large, max-video-preview:-1\" \/>\n<link rel=\"canonical\" href=\"https:\/\/www.agence-adimen.ch\/en\/reseau-international\/\" \/>\n<meta property=\"og:locale\" content=\"en_US\" \/>\n<meta property=\"og:type\" content=\"article\" \/>\n<meta property=\"og:title\" content=\"Un r\u00e9seau de d\u00e9tectives priv\u00e9s dans le monde entier - Agence ADIMEN\" \/>\n<meta property=\"og:description\" content=\"Les d\u00e9tectives priv\u00e9s d&#039;Adimen poss\u00e8dent un r\u00e9seau \u00e9tendu \u00e0 l&#039;\u00e9tranger optimiser le d\u00e9roulement d&#039;une enqu\u00eate surveillance ou filature \u00e0 l&#039;international\" \/>\n<meta property=\"og:url\" content=\"https:\/\/www.agence-adimen.ch\/en\/reseau-international\/\" \/>\n<meta property=\"og:site_name\" content=\"Agence ADIMEN\" \/>\n<meta property=\"article:modified_time\" content=\"2019-05-15T09:24:24+00:00\" \/>\n<meta property=\"og:image\" content=\"https:\/\/vvv.agence-adimen.ch\/wp-content\/uploads\/2019\/05\/reseau_detective-International.jpg\" \/>\n<meta name=\"twitter:card\" content=\"summary_large_image\" \/>\n<meta name=\"twitter:label1\" content=\"Est. reading time\" \/>\n\t<meta name=\"twitter:data1\" content=\"1 minute\" \/>\n<script type=\"application\/ld+json\" class=\"yoast-schema-graph\">{\"@context\":\"https:\/\/schema.org\",\"@graph\":[{\"@type\":\"WebPage\",\"@id\":\"https:\/\/www.agence-adimen.ch\/en\/reseau-international\/\",\"url\":\"https:\/\/www.agence-adimen.ch\/en\/reseau-international\/\",\"name\":\"Un r\u00e9seau de d\u00e9tectives priv\u00e9s dans le monde entier - Agence ADIMEN\",\"isPartOf\":{\"@id\":\"https:\/\/www.agence-adimen.ch\/en\/#website\"},\"primaryImageOfPage\":{\"@id\":\"https:\/\/www.agence-adimen.ch\/en\/reseau-international\/#primaryimage\"},\"image\":{\"@id\":\"https:\/\/www.agence-adimen.ch\/en\/reseau-international\/#primaryimage\"},\"thumbnailUrl\":\"https:\/\/vvv.agence-adimen.ch\/wp-content\/uploads\/2019\/05\/reseau_detective-International.jpg\",\"datePublished\":\"2019-05-10T06:22:17+00:00\",\"dateModified\":\"2019-05-15T09:24:24+00:00\",\"description\":\"Les d\u00e9tectives priv\u00e9s d'Adimen poss\u00e8dent un r\u00e9seau \u00e9tendu \u00e0 l'\u00e9tranger optimiser le d\u00e9roulement d'une enqu\u00eate surveillance ou filature \u00e0 l'international\",\"breadcrumb\":{\"@id\":\"https:\/\/www.agence-adimen.ch\/en\/reseau-international\/#breadcrumb\"},\"inLanguage\":\"en-US\",\"potentialAction\":[{\"@type\":\"ReadAction\",\"target\":[\"https:\/\/www.agence-adimen.ch\/en\/reseau-international\/\"]}]},{\"@type\":\"ImageObject\",\"inLanguage\":\"en-US\",\"@id\":\"https:\/\/www.agence-adimen.ch\/en\/reseau-international\/#primaryimage\",\"url\":\"https:\/\/vvv.agence-adimen.ch\/wp-content\/uploads\/2019\/05\/reseau_detective-International.jpg\",\"contentUrl\":\"https:\/\/vvv.agence-adimen.ch\/wp-content\/uploads\/2019\/05\/reseau_detective-International.jpg\"},{\"@type\":\"BreadcrumbList\",\"@id\":\"https:\/\/www.agence-adimen.ch\/en\/reseau-international\/#breadcrumb\",\"itemListElement\":[{\"@type\":\"ListItem\",\"position\":1,\"name\":\"Accueil\",\"item\":\"https:\/\/www.agence-adimen.ch\/en\/\"},{\"@type\":\"ListItem\",\"position\":2,\"name\":\"International network\"}]},{\"@type\":\"WebSite\",\"@id\":\"https:\/\/www.agence-adimen.ch\/en\/#website\",\"url\":\"https:\/\/www.agence-adimen.ch\/en\/\",\"name\":\"Agence ADIMEN\",\"description\":\"D\u00e9tectives priv\u00e9s: surveillance op\u00e9rationnelle et contre-mesures\",\"potentialAction\":[{\"@type\":\"SearchAction\",\"target\":{\"@type\":\"EntryPoint\",\"urlTemplate\":\"https:\/\/www.agence-adimen.ch\/en\/?s={search_term_string}\"},\"query-input\":{\"@type\":\"PropertyValueSpecification\",\"valueRequired\":true,\"valueName\":\"search_term_string\"}}],\"inLanguage\":\"en-US\"}]}<\/script>\n<!-- \/ Yoast SEO plugin. -->","yoast_head_json":{"title":"Un r\u00e9seau de d\u00e9tectives priv\u00e9s dans le monde entier - Agence ADIMEN","description":"Les d\u00e9tectives priv\u00e9s d'Adimen poss\u00e8dent un r\u00e9seau \u00e9tendu \u00e0 l'\u00e9tranger optimiser le d\u00e9roulement d'une enqu\u00eate surveillance ou filature \u00e0 l'international","robots":{"index":"index","follow":"follow","max-snippet":"max-snippet:-1","max-image-preview":"max-image-preview:large","max-video-preview":"max-video-preview:-1"},"canonical":"https:\/\/www.agence-adimen.ch\/en\/reseau-international\/","og_locale":"en_US","og_type":"article","og_title":"Un r\u00e9seau de d\u00e9tectives priv\u00e9s dans le monde entier - Agence ADIMEN","og_description":"Les d\u00e9tectives priv\u00e9s d'Adimen poss\u00e8dent un r\u00e9seau \u00e9tendu \u00e0 l'\u00e9tranger optimiser le d\u00e9roulement d'une enqu\u00eate surveillance ou filature \u00e0 l'international","og_url":"https:\/\/www.agence-adimen.ch\/en\/reseau-international\/","og_site_name":"Agence ADIMEN","article_modified_time":"2019-05-15T09:24:24+00:00","og_image":[{"url":"https:\/\/vvv.agence-adimen.ch\/wp-content\/uploads\/2019\/05\/reseau_detective-International.jpg","type":"","width":"","height":""}],"twitter_card":"summary_large_image","twitter_misc":{"Est. reading time":"1 minute"},"schema":{"@context":"https:\/\/schema.org","@graph":[{"@type":"WebPage","@id":"https:\/\/www.agence-adimen.ch\/en\/reseau-international\/","url":"https:\/\/www.agence-adimen.ch\/en\/reseau-international\/","name":"Un r\u00e9seau de d\u00e9tectives priv\u00e9s dans le monde entier - Agence ADIMEN","isPartOf":{"@id":"https:\/\/www.agence-adimen.ch\/en\/#website"},"primaryImageOfPage":{"@id":"https:\/\/www.agence-adimen.ch\/en\/reseau-international\/#primaryimage"},"image":{"@id":"https:\/\/www.agence-adimen.ch\/en\/reseau-international\/#primaryimage"},"thumbnailUrl":"https:\/\/vvv.agence-adimen.ch\/wp-content\/uploads\/2019\/05\/reseau_detective-International.jpg","datePublished":"2019-05-10T06:22:17+00:00","dateModified":"2019-05-15T09:24:24+00:00","description":"Les d\u00e9tectives priv\u00e9s d'Adimen poss\u00e8dent un r\u00e9seau \u00e9tendu \u00e0 l'\u00e9tranger optimiser le d\u00e9roulement d'une enqu\u00eate surveillance ou filature \u00e0 l'international","breadcrumb":{"@id":"https:\/\/www.agence-adimen.ch\/en\/reseau-international\/#breadcrumb"},"inLanguage":"en-US","potentialAction":[{"@type":"ReadAction","target":["https:\/\/www.agence-adimen.ch\/en\/reseau-international\/"]}]},{"@type":"ImageObject","inLanguage":"en-US","@id":"https:\/\/www.agence-adimen.ch\/en\/reseau-international\/#primaryimage","url":"https:\/\/vvv.agence-adimen.ch\/wp-content\/uploads\/2019\/05\/reseau_detective-International.jpg","contentUrl":"https:\/\/vvv.agence-adimen.ch\/wp-content\/uploads\/2019\/05\/reseau_detective-International.jpg"},{"@type":"BreadcrumbList","@id":"https:\/\/www.agence-adimen.ch\/en\/reseau-international\/#breadcrumb","itemListElement":[{"@type":"ListItem","position":1,"name":"Accueil","item":"https:\/\/www.agence-adimen.ch\/en\/"},{"@type":"ListItem","position":2,"name":"International network"}]},{"@type":"WebSite","@id":"https:\/\/www.agence-adimen.ch\/en\/#website","url":"https:\/\/www.agence-adimen.ch\/en\/","name":"Agence ADIMEN","description":"D\u00e9tectives priv\u00e9s: surveillance op\u00e9rationnelle et contre-mesures","potentialAction":[{"@type":"SearchAction","target":{"@type":"EntryPoint","urlTemplate":"https:\/\/www.agence-adimen.ch\/en\/?s={search_term_string}"},"query-input":{"@type":"PropertyValueSpecification","valueRequired":true,"valueName":"search_term_string"}}],"inLanguage":"en-US"}]}},"_links":{"self":[{"href":"https:\/\/www.agence-adimen.ch\/en\/wp-json\/wp\/v2\/pages\/2018","targetHints":{"allow":["GET"]}}],"collection":[{"href":"https:\/\/www.agence-adimen.ch\/en\/wp-json\/wp\/v2\/pages"}],"about":[{"href":"https:\/\/www.agence-adimen.ch\/en\/wp-json\/wp\/v2\/types\/page"}],"author":[{"embeddable":true,"href":"https:\/\/www.agence-adimen.ch\/en\/wp-json\/wp\/v2\/users\/2"}],"replies":[{"embeddable":true,"href":"https:\/\/www.agence-adimen.ch\/en\/wp-json\/wp\/v2\/comments?post=2018"}],"version-history":[{"count":0,"href":"https:\/\/www.agence-adimen.ch\/en\/wp-json\/wp\/v2\/pages\/2018\/revisions"}],"wp:attachment":[{"href":"https:\/\/www.agence-adimen.ch\/en\/wp-json\/wp\/v2\/media?parent=2018"}],"curies":[{"name":"wp","href":"https:\/\/api.w.org\/{rel}","templated":true}]}}