{"id":1995,"date":"2019-05-10T08:07:51","date_gmt":"2019-05-10T06:07:51","guid":{"rendered":"https:\/\/vvv.agence-adimen.ch\/garanties-adimen\/"},"modified":"2019-05-15T11:13:25","modified_gmt":"2019-05-15T09:13:25","slug":"garanties-adimen","status":"publish","type":"page","link":"https:\/\/www.agence-adimen.ch\/en\/garanties-adimen\/","title":{"rendered":"Adimen guarantee"},"content":{"rendered":"\t\t<div data-elementor-type=\"wp-post\" data-elementor-id=\"1995\" class=\"elementor elementor-1995 elementor-1160\" data-elementor-post-type=\"page\">\n\t\t\t\t\t\t<section class=\"elementor-section elementor-top-section elementor-element elementor-element-372ffa58 elementor-section-boxed elementor-section-height-default elementor-section-height-default\" data-id=\"372ffa58\" data-element_type=\"section\" data-e-type=\"section\">\n\t\t\t\t\t\t<div class=\"elementor-container elementor-column-gap-default\">\n\t\t\t\t\t<div class=\"elementor-column elementor-col-100 elementor-top-column elementor-element elementor-element-7b4db295\" data-id=\"7b4db295\" data-element_type=\"column\" data-e-type=\"column\">\n\t\t\t<div class=\"elementor-widget-wrap elementor-element-populated\">\n\t\t\t\t\t\t<div class=\"elementor-element elementor-element-65d5f97f elementor-widget elementor-widget-text-editor\" data-id=\"65d5f97f\" data-element_type=\"widget\" data-e-type=\"widget\" data-widget_type=\"text-editor.default\">\n\t\t\t\t<div class=\"elementor-widget-container\">\n\t\t\t\t\t\t\t\t\t<h2>Our guarantees<\/h2>\n<div class=\"sup-blue\"><\/div>\n<h4>Our <strong>private detective<\/strong> agency in <strong>Geneva<\/strong> use a range of professional means for all of our assignments, including hi-tech state-of-the-art equipment as well as innovative tailing and infiltration techniques<\/h4>\t\t\t\t\t\t\t\t<\/div>\n\t\t\t\t<\/div>\n\t\t\t\t\t<\/div>\n\t\t<\/div>\n\t\t\t\t\t<\/div>\n\t\t<\/section>\n\t\t\t\t<section class=\"elementor-section elementor-top-section elementor-element elementor-element-73c0a50 elementor-section-boxed elementor-section-height-default elementor-section-height-default\" data-id=\"73c0a50\" data-element_type=\"section\" data-e-type=\"section\">\n\t\t\t\t\t\t<div class=\"elementor-container elementor-column-gap-default\">\n\t\t\t\t\t<div class=\"elementor-column elementor-col-50 elementor-top-column elementor-element elementor-element-9d8f633\" data-id=\"9d8f633\" data-element_type=\"column\" data-e-type=\"column\">\n\t\t\t<div class=\"elementor-widget-wrap elementor-element-populated\">\n\t\t\t\t\t\t<div class=\"elementor-element elementor-element-5bf2f08 elementor-widget elementor-widget-text-editor\" data-id=\"5bf2f08\" data-element_type=\"widget\" data-e-type=\"widget\" data-widget_type=\"text-editor.default\">\n\t\t\t\t<div class=\"elementor-widget-container\">\n\t\t\t\t\t\t\t\t\t<p>Because each case requires special handling, our clients\u2019 objectives are addressed during the first interview in order to guide the investigation in the best direction. To ensure your rights in court, we publish a detailed, time-stamped report, containing photos and videos of the evidence collected during our investigations.<\/p><p>Our agents draw on their experience and professionalism to carry out their assignments.\u00a0All of our agents are authorized <strong>DSPE<\/strong> licence holders (Department of Security, Police and Environment).\u00a0Their work is carried out in a discreet manner, in order to collect reliable information that is admissible in court.<\/p><p>In order to guarantee the confidentiality of our clients\u2019 information, all of the data received and transmitted is scrupulously stored o<strong>n secure servers throughout the duration of our investigations.<\/strong><\/p>\t\t\t\t\t\t\t\t<\/div>\n\t\t\t\t<\/div>\n\t\t\t\t\t<\/div>\n\t\t<\/div>\n\t\t\t\t<div class=\"elementor-column elementor-col-50 elementor-top-column elementor-element elementor-element-69e250d\" data-id=\"69e250d\" data-element_type=\"column\" data-e-type=\"column\">\n\t\t\t<div class=\"elementor-widget-wrap elementor-element-populated\">\n\t\t\t\t\t\t<div class=\"elementor-element elementor-element-becaa5e elementor-invisible elementor-widget elementor-widget-image\" data-id=\"becaa5e\" data-element_type=\"widget\" data-e-type=\"widget\" data-settings=\"{&quot;_animation&quot;:&quot;fadeIn&quot;}\" data-widget_type=\"image.default\">\n\t\t\t\t<div class=\"elementor-widget-container\">\n\t\t\t\t\t\t\t\t\t\t\t\t\t\t\t<img fetchpriority=\"high\" decoding=\"async\" width=\"450\" height=\"650\" src=\"https:\/\/www.agence-adimen.ch\/wp-content\/uploads\/2019\/05\/tarifs-prix-detective-prive.jpg\" class=\"attachment-full size-full wp-image-2269\" alt=\"Tarifs et prix d\u00e9tective priv\u00e9\" srcset=\"https:\/\/www.agence-adimen.ch\/wp-content\/uploads\/2019\/05\/tarifs-prix-detective-prive.jpg 450w, https:\/\/www.agence-adimen.ch\/wp-content\/uploads\/2019\/05\/tarifs-prix-detective-prive-208x300.jpg 208w\" sizes=\"(max-width: 450px) 100vw, 450px\" \/>\t\t\t\t\t\t\t\t\t\t\t\t\t\t\t<\/div>\n\t\t\t\t<\/div>\n\t\t\t\t<div class=\"elementor-element elementor-element-e03f8c0 elementor-invisible elementor-widget elementor-widget-text-editor\" data-id=\"e03f8c0\" data-element_type=\"widget\" data-e-type=\"widget\" data-settings=\"{&quot;_animation&quot;:&quot;fadeIn&quot;}\" data-widget_type=\"text-editor.default\">\n\t\t\t\t<div class=\"elementor-widget-container\">\n\t\t\t\t\t\t\t\t\t<p>Faites appel \u00e0 des agents de terrain exp\u00e9riment\u00e9s.<\/p>\t\t\t\t\t\t\t\t<\/div>\n\t\t\t\t<\/div>\n\t\t\t\t\t<\/div>\n\t\t<\/div>\n\t\t\t\t\t<\/div>\n\t\t<\/section>\n\t\t\t\t<\/div>\n\t\t","protected":false},"excerpt":{"rendered":"<p>Our guarantees Our private detective agency in Geneva use a range of professional means for all of our assignments, including hi-tech state-of-the-art equipment as well as innovative tailing and infiltration techniques Because each case requires special handling, our clients\u2019 objectives are addressed during the first interview in order to guide the investigation in the best [&hellip;]<\/p>\n","protected":false},"author":2,"featured_media":0,"parent":0,"menu_order":0,"comment_status":"closed","ping_status":"closed","template":"","meta":{"_acf_changed":false,"site-sidebar-layout":"default","site-content-layout":"default","ast-site-content-layout":"default","site-content-style":"default","site-sidebar-style":"default","ast-global-header-display":"","ast-banner-title-visibility":"","ast-main-header-display":"","ast-hfb-above-header-display":"","ast-hfb-below-header-display":"","ast-hfb-mobile-header-display":"","site-post-title":"","ast-breadcrumbs-content":"","ast-featured-img":"","footer-sml-layout":"","ast-disable-related-posts":"","theme-transparent-header-meta":"default","adv-header-id-meta":"","stick-header-meta":"","header-above-stick-meta":"","header-main-stick-meta":"","header-below-stick-meta":"","astra-migrate-meta-layouts":"default","ast-page-background-enabled":"default","ast-page-background-meta":{"desktop":{"background-color":"","background-image":"","background-repeat":"repeat","background-position":"center center","background-size":"auto","background-attachment":"scroll","background-type":"","background-media":"","overlay-type":"","overlay-color":"","overlay-opacity":"","overlay-gradient":""},"tablet":{"background-color":"","background-image":"","background-repeat":"repeat","background-position":"center center","background-size":"auto","background-attachment":"scroll","background-type":"","background-media":"","overlay-type":"","overlay-color":"","overlay-opacity":"","overlay-gradient":""},"mobile":{"background-color":"","background-image":"","background-repeat":"repeat","background-position":"center center","background-size":"auto","background-attachment":"scroll","background-type":"","background-media":"","overlay-type":"","overlay-color":"","overlay-opacity":"","overlay-gradient":""}},"ast-content-background-meta":{"desktop":{"background-color":"var(--ast-global-color-5)","background-image":"","background-repeat":"repeat","background-position":"center center","background-size":"auto","background-attachment":"scroll","background-type":"","background-media":"","overlay-type":"","overlay-color":"","overlay-opacity":"","overlay-gradient":""},"tablet":{"background-color":"var(--ast-global-color-5)","background-image":"","background-repeat":"repeat","background-position":"center center","background-size":"auto","background-attachment":"scroll","background-type":"","background-media":"","overlay-type":"","overlay-color":"","overlay-opacity":"","overlay-gradient":""},"mobile":{"background-color":"var(--ast-global-color-5)","background-image":"","background-repeat":"repeat","background-position":"center center","background-size":"auto","background-attachment":"scroll","background-type":"","background-media":"","overlay-type":"","overlay-color":"","overlay-opacity":"","overlay-gradient":""}},"footnotes":""},"class_list":["post-1995","page","type-page","status-publish","hentry"],"acf":[],"yoast_head":"<!-- This site is optimized with the Yoast SEO plugin v26.8 - https:\/\/yoast.com\/product\/yoast-seo-wordpress\/ -->\n<title>Nos garanties d&#039;agence de d\u00e9tective priv\u00e9 - Agence ADIMEN<\/title>\n<meta name=\"description\" content=\"En tant qu&#039;agence de d\u00e9tective priv\u00e9 l&#039;agence Adimen garantit vos droits devant un Tribunal.\" \/>\n<meta name=\"robots\" content=\"index, follow, max-snippet:-1, max-image-preview:large, max-video-preview:-1\" \/>\n<link rel=\"canonical\" href=\"https:\/\/www.agence-adimen.ch\/en\/garanties-adimen\/\" \/>\n<meta property=\"og:locale\" content=\"en_US\" \/>\n<meta property=\"og:type\" content=\"article\" \/>\n<meta property=\"og:title\" content=\"Nos garanties d&#039;agence de d\u00e9tective priv\u00e9 - Agence ADIMEN\" \/>\n<meta property=\"og:description\" content=\"En tant qu&#039;agence de d\u00e9tective priv\u00e9 l&#039;agence Adimen garantit vos droits devant un Tribunal.\" \/>\n<meta property=\"og:url\" content=\"https:\/\/www.agence-adimen.ch\/en\/garanties-adimen\/\" \/>\n<meta property=\"og:site_name\" content=\"Agence ADIMEN\" \/>\n<meta property=\"article:modified_time\" content=\"2019-05-15T09:13:25+00:00\" \/>\n<meta property=\"og:image\" content=\"https:\/\/vvv.agence-adimen.ch\/wp-content\/uploads\/2019\/05\/tarifs-prix-detective-prive.jpg\" \/>\n<meta name=\"twitter:card\" content=\"summary_large_image\" \/>\n<meta name=\"twitter:label1\" content=\"Est. reading time\" \/>\n\t<meta name=\"twitter:data1\" content=\"1 minute\" \/>\n<script type=\"application\/ld+json\" class=\"yoast-schema-graph\">{\"@context\":\"https:\/\/schema.org\",\"@graph\":[{\"@type\":\"WebPage\",\"@id\":\"https:\/\/www.agence-adimen.ch\/en\/garanties-adimen\/\",\"url\":\"https:\/\/www.agence-adimen.ch\/en\/garanties-adimen\/\",\"name\":\"Nos garanties d'agence de d\u00e9tective priv\u00e9 - Agence ADIMEN\",\"isPartOf\":{\"@id\":\"https:\/\/www.agence-adimen.ch\/en\/#website\"},\"primaryImageOfPage\":{\"@id\":\"https:\/\/www.agence-adimen.ch\/en\/garanties-adimen\/#primaryimage\"},\"image\":{\"@id\":\"https:\/\/www.agence-adimen.ch\/en\/garanties-adimen\/#primaryimage\"},\"thumbnailUrl\":\"https:\/\/vvv.agence-adimen.ch\/wp-content\/uploads\/2019\/05\/tarifs-prix-detective-prive.jpg\",\"datePublished\":\"2019-05-10T06:07:51+00:00\",\"dateModified\":\"2019-05-15T09:13:25+00:00\",\"description\":\"En tant qu'agence de d\u00e9tective priv\u00e9 l'agence Adimen garantit vos droits devant un Tribunal.\",\"breadcrumb\":{\"@id\":\"https:\/\/www.agence-adimen.ch\/en\/garanties-adimen\/#breadcrumb\"},\"inLanguage\":\"en-US\",\"potentialAction\":[{\"@type\":\"ReadAction\",\"target\":[\"https:\/\/www.agence-adimen.ch\/en\/garanties-adimen\/\"]}]},{\"@type\":\"ImageObject\",\"inLanguage\":\"en-US\",\"@id\":\"https:\/\/www.agence-adimen.ch\/en\/garanties-adimen\/#primaryimage\",\"url\":\"https:\/\/vvv.agence-adimen.ch\/wp-content\/uploads\/2019\/05\/tarifs-prix-detective-prive.jpg\",\"contentUrl\":\"https:\/\/vvv.agence-adimen.ch\/wp-content\/uploads\/2019\/05\/tarifs-prix-detective-prive.jpg\"},{\"@type\":\"BreadcrumbList\",\"@id\":\"https:\/\/www.agence-adimen.ch\/en\/garanties-adimen\/#breadcrumb\",\"itemListElement\":[{\"@type\":\"ListItem\",\"position\":1,\"name\":\"Accueil\",\"item\":\"https:\/\/www.agence-adimen.ch\/en\/\"},{\"@type\":\"ListItem\",\"position\":2,\"name\":\"Adimen guarantee\"}]},{\"@type\":\"WebSite\",\"@id\":\"https:\/\/www.agence-adimen.ch\/en\/#website\",\"url\":\"https:\/\/www.agence-adimen.ch\/en\/\",\"name\":\"Agence ADIMEN\",\"description\":\"D\u00e9tectives priv\u00e9s: surveillance op\u00e9rationnelle et contre-mesures\",\"potentialAction\":[{\"@type\":\"SearchAction\",\"target\":{\"@type\":\"EntryPoint\",\"urlTemplate\":\"https:\/\/www.agence-adimen.ch\/en\/?s={search_term_string}\"},\"query-input\":{\"@type\":\"PropertyValueSpecification\",\"valueRequired\":true,\"valueName\":\"search_term_string\"}}],\"inLanguage\":\"en-US\"}]}<\/script>\n<!-- \/ Yoast SEO plugin. -->","yoast_head_json":{"title":"Nos garanties d'agence de d\u00e9tective priv\u00e9 - Agence ADIMEN","description":"En tant qu'agence de d\u00e9tective priv\u00e9 l'agence Adimen garantit vos droits devant un Tribunal.","robots":{"index":"index","follow":"follow","max-snippet":"max-snippet:-1","max-image-preview":"max-image-preview:large","max-video-preview":"max-video-preview:-1"},"canonical":"https:\/\/www.agence-adimen.ch\/en\/garanties-adimen\/","og_locale":"en_US","og_type":"article","og_title":"Nos garanties d'agence de d\u00e9tective priv\u00e9 - Agence ADIMEN","og_description":"En tant qu'agence de d\u00e9tective priv\u00e9 l'agence Adimen garantit vos droits devant un Tribunal.","og_url":"https:\/\/www.agence-adimen.ch\/en\/garanties-adimen\/","og_site_name":"Agence ADIMEN","article_modified_time":"2019-05-15T09:13:25+00:00","og_image":[{"url":"https:\/\/vvv.agence-adimen.ch\/wp-content\/uploads\/2019\/05\/tarifs-prix-detective-prive.jpg","type":"","width":"","height":""}],"twitter_card":"summary_large_image","twitter_misc":{"Est. reading time":"1 minute"},"schema":{"@context":"https:\/\/schema.org","@graph":[{"@type":"WebPage","@id":"https:\/\/www.agence-adimen.ch\/en\/garanties-adimen\/","url":"https:\/\/www.agence-adimen.ch\/en\/garanties-adimen\/","name":"Nos garanties d'agence de d\u00e9tective priv\u00e9 - Agence ADIMEN","isPartOf":{"@id":"https:\/\/www.agence-adimen.ch\/en\/#website"},"primaryImageOfPage":{"@id":"https:\/\/www.agence-adimen.ch\/en\/garanties-adimen\/#primaryimage"},"image":{"@id":"https:\/\/www.agence-adimen.ch\/en\/garanties-adimen\/#primaryimage"},"thumbnailUrl":"https:\/\/vvv.agence-adimen.ch\/wp-content\/uploads\/2019\/05\/tarifs-prix-detective-prive.jpg","datePublished":"2019-05-10T06:07:51+00:00","dateModified":"2019-05-15T09:13:25+00:00","description":"En tant qu'agence de d\u00e9tective priv\u00e9 l'agence Adimen garantit vos droits devant un Tribunal.","breadcrumb":{"@id":"https:\/\/www.agence-adimen.ch\/en\/garanties-adimen\/#breadcrumb"},"inLanguage":"en-US","potentialAction":[{"@type":"ReadAction","target":["https:\/\/www.agence-adimen.ch\/en\/garanties-adimen\/"]}]},{"@type":"ImageObject","inLanguage":"en-US","@id":"https:\/\/www.agence-adimen.ch\/en\/garanties-adimen\/#primaryimage","url":"https:\/\/vvv.agence-adimen.ch\/wp-content\/uploads\/2019\/05\/tarifs-prix-detective-prive.jpg","contentUrl":"https:\/\/vvv.agence-adimen.ch\/wp-content\/uploads\/2019\/05\/tarifs-prix-detective-prive.jpg"},{"@type":"BreadcrumbList","@id":"https:\/\/www.agence-adimen.ch\/en\/garanties-adimen\/#breadcrumb","itemListElement":[{"@type":"ListItem","position":1,"name":"Accueil","item":"https:\/\/www.agence-adimen.ch\/en\/"},{"@type":"ListItem","position":2,"name":"Adimen guarantee"}]},{"@type":"WebSite","@id":"https:\/\/www.agence-adimen.ch\/en\/#website","url":"https:\/\/www.agence-adimen.ch\/en\/","name":"Agence ADIMEN","description":"D\u00e9tectives priv\u00e9s: surveillance op\u00e9rationnelle et contre-mesures","potentialAction":[{"@type":"SearchAction","target":{"@type":"EntryPoint","urlTemplate":"https:\/\/www.agence-adimen.ch\/en\/?s={search_term_string}"},"query-input":{"@type":"PropertyValueSpecification","valueRequired":true,"valueName":"search_term_string"}}],"inLanguage":"en-US"}]}},"_links":{"self":[{"href":"https:\/\/www.agence-adimen.ch\/en\/wp-json\/wp\/v2\/pages\/1995","targetHints":{"allow":["GET"]}}],"collection":[{"href":"https:\/\/www.agence-adimen.ch\/en\/wp-json\/wp\/v2\/pages"}],"about":[{"href":"https:\/\/www.agence-adimen.ch\/en\/wp-json\/wp\/v2\/types\/page"}],"author":[{"embeddable":true,"href":"https:\/\/www.agence-adimen.ch\/en\/wp-json\/wp\/v2\/users\/2"}],"replies":[{"embeddable":true,"href":"https:\/\/www.agence-adimen.ch\/en\/wp-json\/wp\/v2\/comments?post=1995"}],"version-history":[{"count":1,"href":"https:\/\/www.agence-adimen.ch\/en\/wp-json\/wp\/v2\/pages\/1995\/revisions"}],"predecessor-version":[{"id":4072,"href":"https:\/\/www.agence-adimen.ch\/en\/wp-json\/wp\/v2\/pages\/1995\/revisions\/4072"}],"wp:attachment":[{"href":"https:\/\/www.agence-adimen.ch\/en\/wp-json\/wp\/v2\/media?parent=1995"}],"curies":[{"name":"wp","href":"https:\/\/api.w.org\/{rel}","templated":true}]}}