{"id":1916,"date":"2019-05-09T17:28:53","date_gmt":"2019-05-09T15:28:53","guid":{"rendered":"https:\/\/vvv.agence-adimen.ch\/en-detective-prive-geneve\/"},"modified":"2019-05-23T13:05:15","modified_gmt":"2019-05-23T11:05:15","slug":"en-detective-prive-geneve","status":"publish","type":"page","link":"https:\/\/www.agence-adimen.ch\/en\/en-detective-prive-geneve\/","title":{"rendered":"EN- D\u00e9tective priv\u00e9 Gen\u00e8ve"},"content":{"rendered":"\t\t<div data-elementor-type=\"wp-post\" data-elementor-id=\"1916\" class=\"elementor elementor-1916 elementor-748\" data-elementor-post-type=\"page\">\n\t\t\t\t\t\t<section class=\"elementor-section elementor-top-section elementor-element elementor-element-af5eef7 elementor-section-boxed elementor-section-height-default elementor-section-height-default\" data-id=\"af5eef7\" data-element_type=\"section\" data-e-type=\"section\">\n\t\t\t\t\t\t<div class=\"elementor-container elementor-column-gap-default\">\n\t\t\t\t\t<div class=\"elementor-column elementor-col-50 elementor-top-column elementor-element elementor-element-2c7e86c\" data-id=\"2c7e86c\" data-element_type=\"column\" data-e-type=\"column\">\n\t\t\t<div class=\"elementor-widget-wrap elementor-element-populated\">\n\t\t\t\t\t\t<div class=\"elementor-element elementor-element-e8d5254 elementor-widget elementor-widget-text-editor\" data-id=\"e8d5254\" data-element_type=\"widget\" data-e-type=\"widget\" data-widget_type=\"text-editor.default\">\n\t\t\t\t<div class=\"elementor-widget-container\">\n\t\t\t\t\t\t\t\t\t<h2 style=\"font-style: normal;\">Notre agence \u00e0 Gen\u00e8ve<\/h2>\n<div class=\"sup-blue\" style=\"font-size: 15px; font-style: normal; font-weight: 400;\"><\/div>\n<h4 style=\"font-style: normal;\"><\/h4>\n<h4 style=\"font-style: normal;\">Rue du Grand-Bureau 11<\/h4>\n<h4 style=\"font-style: normal;\">CH-1227 Carouge<\/h4>\n<h4 style=\"font-style: normal;\"><a style=\"font-size: 20px;\" href=\"tel:+4122 300 38 05\">+41(0)22 300 38 05<\/a><\/h4>\n<h4 style=\"font-style: normal;\"><a style=\"font-size: 20px;\" href=\"mailto:info@agence-adimen.ch\">info@agence-adimen.ch<\/a><\/h4>\n\t\t\t\t\t\t\t\t<\/div>\n\t\t\t\t<\/div>\n\t\t\t\t<div class=\"elementor-element elementor-element-b5d9793 elementor-widget elementor-widget-text-editor\" data-id=\"b5d9793\" data-element_type=\"widget\" data-e-type=\"widget\" data-widget_type=\"text-editor.default\">\n\t\t\t\t<div class=\"elementor-widget-container\">\n\t\t\t\t\t\t\t\t\t<p>Nous sommes sp\u00e9cialis\u00e9s dans les <a href=\"https:\/\/www.agence-adimen.ch\/services-aux-particuliers\/\">enqu\u00eates priv\u00e9es<\/a> et <a href=\"https:\/\/www.agence-adimen.ch\/detective-prive-entreprises\/\">commerciales<\/a>. Nous mettons \u00e0 votre service notre expertise en mati\u00e8re de filature et d\u2019enqu\u00eate.<\/p>\n<p>Forts de nombreuses ann\u00e9es d\u2019exp\u00e9rience \u00e0 <strong>Gen\u00e8ve<\/strong>, nous disposons d\u2019un r\u00e9seau bien \u00e9tabli permettant une collecte d\u2019information fiable et tr\u00e8s rapide.<\/p>\n<p>Notre \u00e9quipe est compos\u00e9e d\u2019agents de terrain aguerris aux techniques d\u2019investigations moderne. Ils b\u00e9n\u00e9ficient tous d\u2019une exp\u00e9rience sp\u00e9cifique dans des domaines comme la vid\u00e9o-surveillance, l\u2019infiltration ou la d\u00e9tection de cam\u00e9ras et de micros espions (contre-mesure).<\/p>\n<p>N&#8217;h\u00e9sitez pas \u00e0 nous contacter pour des renseignements ou <a href=\"https:\/\/www.agence-adimen.ch\/contacter-agence-detective-prive\/\">une prise de rendez-vous<\/a>.<\/p>\n\t\t\t\t\t\t\t\t<\/div>\n\t\t\t\t<\/div>\n\t\t\t\t<div class=\"elementor-element elementor-element-fde6413 elementor-widget elementor-widget-text-editor\" data-id=\"fde6413\" data-element_type=\"widget\" data-e-type=\"widget\" data-widget_type=\"text-editor.default\">\n\t\t\t\t<div class=\"elementor-widget-container\">\n\t\t\t\t\t\t\t\t\t<h3>Gen\u00e8ve<\/h3>\n<p>Rue du Grand-Bureau 11<\/p>\n<p>CH-1227 Carouge<\/p>\n<p><a href=\"tel:+41(0)22 300 38 05\">+41(0)22 300 38 05<\/a><\/p>\n<p><a href=\"mailto:info@agence-adimen.ch\">info@agence-adimen.ch<\/a><\/p>\n\t\t\t\t\t\t\t\t<\/div>\n\t\t\t\t<\/div>\n\t\t\t\t<div class=\"elementor-element elementor-element-abb407f elementor-widget elementor-widget-html\" data-id=\"abb407f\" data-element_type=\"widget\" data-e-type=\"widget\" data-widget_type=\"html.default\">\n\t\t\t\t<div class=\"elementor-widget-container\">\n\t\t\t\t\t<a onclick=\"gtag('event', 'Telephone', {'event_category': 'Appel'});\" href=\"tel:+41223003805\">+41 22 300 38 05<\/a><br>\r\n<a onclick=\"gtag('event', 'Email', {'event_category': 'Mail'});\" href=\"mailto:info@agence-adimen.ch\">info@agence-adimen.ch<\/a>\t\t\t\t<\/div>\n\t\t\t\t<\/div>\n\t\t\t\t\t<\/div>\n\t\t<\/div>\n\t\t\t\t<div class=\"elementor-column elementor-col-50 elementor-top-column elementor-element elementor-element-3efb582\" data-id=\"3efb582\" data-element_type=\"column\" data-e-type=\"column\">\n\t\t\t<div class=\"elementor-widget-wrap elementor-element-populated\">\n\t\t\t\t\t\t<div class=\"elementor-element elementor-element-5cfb5d8 elementor-invisible elementor-widget elementor-widget-image\" data-id=\"5cfb5d8\" data-element_type=\"widget\" data-e-type=\"widget\" data-settings=\"{&quot;_animation&quot;:&quot;fadeIn&quot;}\" data-widget_type=\"image.default\">\n\t\t\t\t<div class=\"elementor-widget-container\">\n\t\t\t\t\t\t\t\t\t\t\t\t\t\t\t<img fetchpriority=\"high\" decoding=\"async\" width=\"450\" height=\"650\" src=\"https:\/\/www.agence-adimen.ch\/wp-content\/uploads\/2019\/05\/detective-geneve-prive.jpg\" class=\"attachment-large size-large wp-image-2485\" alt=\"Votre d\u00e9tective priv\u00e9 \u00e0 Gen\u00e8ve\" srcset=\"https:\/\/www.agence-adimen.ch\/wp-content\/uploads\/2019\/05\/detective-geneve-prive.jpg 450w, https:\/\/www.agence-adimen.ch\/wp-content\/uploads\/2019\/05\/detective-geneve-prive-208x300.jpg 208w\" sizes=\"(max-width: 450px) 100vw, 450px\" \/>\t\t\t\t\t\t\t\t\t\t\t\t\t\t\t<\/div>\n\t\t\t\t<\/div>\n\t\t\t\t<div class=\"elementor-element elementor-element-8873a07 elementor-invisible elementor-widget elementor-widget-text-editor\" data-id=\"8873a07\" data-element_type=\"widget\" data-e-type=\"widget\" data-settings=\"{&quot;_animation&quot;:&quot;fadeIn&quot;}\" data-widget_type=\"text-editor.default\">\n\t\t\t\t<div class=\"elementor-widget-container\">\n\t\t\t\t\t\t\t\t\t<p>L&#8217;agence ADIMEN, votre partenaire de r\u00e9f\u00e9rence \u00e0 Gen\u00e8ve.<\/p>\n\t\t\t\t\t\t\t\t<\/div>\n\t\t\t\t<\/div>\n\t\t\t\t\t<\/div>\n\t\t<\/div>\n\t\t\t\t\t<\/div>\n\t\t<\/section>\n\t\t\t\t<\/div>\n\t\t","protected":false},"excerpt":{"rendered":"<p>Notre agence \u00e0 Gen\u00e8ve Rue du Grand-Bureau 11 CH-1227 Carouge +41(0)22 300 38 05 info@agence-adimen.ch Nous sommes sp\u00e9cialis\u00e9s dans les enqu\u00eates priv\u00e9es et commerciales. Nous mettons \u00e0 votre service notre expertise en mati\u00e8re de filature et d\u2019enqu\u00eate. Forts de nombreuses ann\u00e9es d\u2019exp\u00e9rience \u00e0 Gen\u00e8ve, nous disposons d\u2019un r\u00e9seau bien \u00e9tabli permettant une collecte d\u2019information fiable [&hellip;]<\/p>\n","protected":false},"author":2,"featured_media":0,"parent":0,"menu_order":0,"comment_status":"closed","ping_status":"closed","template":"","meta":{"_acf_changed":false,"site-sidebar-layout":"default","site-content-layout":"default","ast-site-content-layout":"default","site-content-style":"default","site-sidebar-style":"default","ast-global-header-display":"","ast-banner-title-visibility":"","ast-main-header-display":"","ast-hfb-above-header-display":"","ast-hfb-below-header-display":"","ast-hfb-mobile-header-display":"","site-post-title":"","ast-breadcrumbs-content":"","ast-featured-img":"","footer-sml-layout":"","ast-disable-related-posts":"","theme-transparent-header-meta":"default","adv-header-id-meta":"","stick-header-meta":"","header-above-stick-meta":"","header-main-stick-meta":"","header-below-stick-meta":"","astra-migrate-meta-layouts":"default","ast-page-background-enabled":"default","ast-page-background-meta":{"desktop":{"background-color":"","background-image":"","background-repeat":"repeat","background-position":"center center","background-size":"auto","background-attachment":"scroll","background-type":"","background-media":"","overlay-type":"","overlay-color":"","overlay-opacity":"","overlay-gradient":""},"tablet":{"background-color":"","background-image":"","background-repeat":"repeat","background-position":"center center","background-size":"auto","background-attachment":"scroll","background-type":"","background-media":"","overlay-type":"","overlay-color":"","overlay-opacity":"","overlay-gradient":""},"mobile":{"background-color":"","background-image":"","background-repeat":"repeat","background-position":"center center","background-size":"auto","background-attachment":"scroll","background-type":"","background-media":"","overlay-type":"","overlay-color":"","overlay-opacity":"","overlay-gradient":""}},"ast-content-background-meta":{"desktop":{"background-color":"var(--ast-global-color-5)","background-image":"","background-repeat":"repeat","background-position":"center center","background-size":"auto","background-attachment":"scroll","background-type":"","background-media":"","overlay-type":"","overlay-color":"","overlay-opacity":"","overlay-gradient":""},"tablet":{"background-color":"var(--ast-global-color-5)","background-image":"","background-repeat":"repeat","background-position":"center center","background-size":"auto","background-attachment":"scroll","background-type":"","background-media":"","overlay-type":"","overlay-color":"","overlay-opacity":"","overlay-gradient":""},"mobile":{"background-color":"var(--ast-global-color-5)","background-image":"","background-repeat":"repeat","background-position":"center center","background-size":"auto","background-attachment":"scroll","background-type":"","background-media":"","overlay-type":"","overlay-color":"","overlay-opacity":"","overlay-gradient":""}},"footnotes":""},"class_list":["post-1916","page","type-page","status-publish","hentry"],"acf":[],"yoast_head":"<!-- This site is optimized with the Yoast SEO plugin v26.8 - https:\/\/yoast.com\/product\/yoast-seo-wordpress\/ -->\n<title>EN- Agence de d\u00e9tective priv\u00e9 \u00e0 Gen\u00e8ve - Agence ADIMEN<\/title>\n<meta name=\"description\" content=\"EN- Agence Adimen Investigations \u00e0 Gen\u00e8ve. Services de d\u00e9tectives priv\u00e9s, enqu\u00eates, surveillance, renseignement. Nous vous accueillons dans nos bureaux \u00e0 Gen\u00e8ve.\" \/>\n<meta name=\"robots\" content=\"index, follow, max-snippet:-1, max-image-preview:large, max-video-preview:-1\" \/>\n<link rel=\"canonical\" href=\"https:\/\/www.agence-adimen.ch\/en\/en-detective-prive-geneve\/\" \/>\n<meta property=\"og:locale\" content=\"en_US\" \/>\n<meta property=\"og:type\" content=\"article\" \/>\n<meta property=\"og:title\" content=\"EN- Agence de d\u00e9tective priv\u00e9 \u00e0 Gen\u00e8ve - Agence ADIMEN\" \/>\n<meta property=\"og:description\" content=\"EN- Agence Adimen Investigations \u00e0 Gen\u00e8ve. Services de d\u00e9tectives priv\u00e9s, enqu\u00eates, surveillance, renseignement. Nous vous accueillons dans nos bureaux \u00e0 Gen\u00e8ve.\" \/>\n<meta property=\"og:url\" content=\"https:\/\/www.agence-adimen.ch\/en\/en-detective-prive-geneve\/\" \/>\n<meta property=\"og:site_name\" content=\"Agence ADIMEN\" \/>\n<meta property=\"article:modified_time\" content=\"2019-05-23T11:05:15+00:00\" \/>\n<meta property=\"og:image\" content=\"https:\/\/www.agence-adimen.ch\/wp-content\/uploads\/2019\/05\/detective-geneve-prive.jpg\" \/>\n<meta name=\"twitter:card\" content=\"summary_large_image\" \/>\n<meta name=\"twitter:label1\" content=\"Est. reading time\" \/>\n\t<meta name=\"twitter:data1\" content=\"1 minute\" \/>\n<script type=\"application\/ld+json\" class=\"yoast-schema-graph\">{\"@context\":\"https:\/\/schema.org\",\"@graph\":[{\"@type\":\"WebPage\",\"@id\":\"https:\/\/www.agence-adimen.ch\/en\/en-detective-prive-geneve\/\",\"url\":\"https:\/\/www.agence-adimen.ch\/en\/en-detective-prive-geneve\/\",\"name\":\"EN- Agence de d\u00e9tective priv\u00e9 \u00e0 Gen\u00e8ve - Agence ADIMEN\",\"isPartOf\":{\"@id\":\"https:\/\/www.agence-adimen.ch\/en\/#website\"},\"primaryImageOfPage\":{\"@id\":\"https:\/\/www.agence-adimen.ch\/en\/en-detective-prive-geneve\/#primaryimage\"},\"image\":{\"@id\":\"https:\/\/www.agence-adimen.ch\/en\/en-detective-prive-geneve\/#primaryimage\"},\"thumbnailUrl\":\"https:\/\/www.agence-adimen.ch\/wp-content\/uploads\/2019\/05\/detective-geneve-prive.jpg\",\"datePublished\":\"2019-05-09T15:28:53+00:00\",\"dateModified\":\"2019-05-23T11:05:15+00:00\",\"description\":\"EN- Agence Adimen Investigations \u00e0 Gen\u00e8ve. Services de d\u00e9tectives priv\u00e9s, enqu\u00eates, surveillance, renseignement. Nous vous accueillons dans nos bureaux \u00e0 Gen\u00e8ve.\",\"breadcrumb\":{\"@id\":\"https:\/\/www.agence-adimen.ch\/en\/en-detective-prive-geneve\/#breadcrumb\"},\"inLanguage\":\"en-US\",\"potentialAction\":[{\"@type\":\"ReadAction\",\"target\":[\"https:\/\/www.agence-adimen.ch\/en\/en-detective-prive-geneve\/\"]}]},{\"@type\":\"ImageObject\",\"inLanguage\":\"en-US\",\"@id\":\"https:\/\/www.agence-adimen.ch\/en\/en-detective-prive-geneve\/#primaryimage\",\"url\":\"https:\/\/www.agence-adimen.ch\/wp-content\/uploads\/2019\/05\/detective-geneve-prive.jpg\",\"contentUrl\":\"https:\/\/www.agence-adimen.ch\/wp-content\/uploads\/2019\/05\/detective-geneve-prive.jpg\"},{\"@type\":\"BreadcrumbList\",\"@id\":\"https:\/\/www.agence-adimen.ch\/en\/en-detective-prive-geneve\/#breadcrumb\",\"itemListElement\":[{\"@type\":\"ListItem\",\"position\":1,\"name\":\"Accueil\",\"item\":\"https:\/\/www.agence-adimen.ch\/en\/\"},{\"@type\":\"ListItem\",\"position\":2,\"name\":\"EN- D\u00e9tective priv\u00e9 Gen\u00e8ve\"}]},{\"@type\":\"WebSite\",\"@id\":\"https:\/\/www.agence-adimen.ch\/en\/#website\",\"url\":\"https:\/\/www.agence-adimen.ch\/en\/\",\"name\":\"Agence ADIMEN\",\"description\":\"D\u00e9tectives priv\u00e9s: surveillance op\u00e9rationnelle et contre-mesures\",\"potentialAction\":[{\"@type\":\"SearchAction\",\"target\":{\"@type\":\"EntryPoint\",\"urlTemplate\":\"https:\/\/www.agence-adimen.ch\/en\/?s={search_term_string}\"},\"query-input\":{\"@type\":\"PropertyValueSpecification\",\"valueRequired\":true,\"valueName\":\"search_term_string\"}}],\"inLanguage\":\"en-US\"}]}<\/script>\n<!-- \/ Yoast SEO plugin. -->","yoast_head_json":{"title":"EN- Agence de d\u00e9tective priv\u00e9 \u00e0 Gen\u00e8ve - Agence ADIMEN","description":"EN- Agence Adimen Investigations \u00e0 Gen\u00e8ve. Services de d\u00e9tectives priv\u00e9s, enqu\u00eates, surveillance, renseignement. Nous vous accueillons dans nos bureaux \u00e0 Gen\u00e8ve.","robots":{"index":"index","follow":"follow","max-snippet":"max-snippet:-1","max-image-preview":"max-image-preview:large","max-video-preview":"max-video-preview:-1"},"canonical":"https:\/\/www.agence-adimen.ch\/en\/en-detective-prive-geneve\/","og_locale":"en_US","og_type":"article","og_title":"EN- Agence de d\u00e9tective priv\u00e9 \u00e0 Gen\u00e8ve - Agence ADIMEN","og_description":"EN- Agence Adimen Investigations \u00e0 Gen\u00e8ve. Services de d\u00e9tectives priv\u00e9s, enqu\u00eates, surveillance, renseignement. Nous vous accueillons dans nos bureaux \u00e0 Gen\u00e8ve.","og_url":"https:\/\/www.agence-adimen.ch\/en\/en-detective-prive-geneve\/","og_site_name":"Agence ADIMEN","article_modified_time":"2019-05-23T11:05:15+00:00","og_image":[{"url":"https:\/\/www.agence-adimen.ch\/wp-content\/uploads\/2019\/05\/detective-geneve-prive.jpg","type":"","width":"","height":""}],"twitter_card":"summary_large_image","twitter_misc":{"Est. reading time":"1 minute"},"schema":{"@context":"https:\/\/schema.org","@graph":[{"@type":"WebPage","@id":"https:\/\/www.agence-adimen.ch\/en\/en-detective-prive-geneve\/","url":"https:\/\/www.agence-adimen.ch\/en\/en-detective-prive-geneve\/","name":"EN- Agence de d\u00e9tective priv\u00e9 \u00e0 Gen\u00e8ve - Agence ADIMEN","isPartOf":{"@id":"https:\/\/www.agence-adimen.ch\/en\/#website"},"primaryImageOfPage":{"@id":"https:\/\/www.agence-adimen.ch\/en\/en-detective-prive-geneve\/#primaryimage"},"image":{"@id":"https:\/\/www.agence-adimen.ch\/en\/en-detective-prive-geneve\/#primaryimage"},"thumbnailUrl":"https:\/\/www.agence-adimen.ch\/wp-content\/uploads\/2019\/05\/detective-geneve-prive.jpg","datePublished":"2019-05-09T15:28:53+00:00","dateModified":"2019-05-23T11:05:15+00:00","description":"EN- Agence Adimen Investigations \u00e0 Gen\u00e8ve. Services de d\u00e9tectives priv\u00e9s, enqu\u00eates, surveillance, renseignement. Nous vous accueillons dans nos bureaux \u00e0 Gen\u00e8ve.","breadcrumb":{"@id":"https:\/\/www.agence-adimen.ch\/en\/en-detective-prive-geneve\/#breadcrumb"},"inLanguage":"en-US","potentialAction":[{"@type":"ReadAction","target":["https:\/\/www.agence-adimen.ch\/en\/en-detective-prive-geneve\/"]}]},{"@type":"ImageObject","inLanguage":"en-US","@id":"https:\/\/www.agence-adimen.ch\/en\/en-detective-prive-geneve\/#primaryimage","url":"https:\/\/www.agence-adimen.ch\/wp-content\/uploads\/2019\/05\/detective-geneve-prive.jpg","contentUrl":"https:\/\/www.agence-adimen.ch\/wp-content\/uploads\/2019\/05\/detective-geneve-prive.jpg"},{"@type":"BreadcrumbList","@id":"https:\/\/www.agence-adimen.ch\/en\/en-detective-prive-geneve\/#breadcrumb","itemListElement":[{"@type":"ListItem","position":1,"name":"Accueil","item":"https:\/\/www.agence-adimen.ch\/en\/"},{"@type":"ListItem","position":2,"name":"EN- D\u00e9tective priv\u00e9 Gen\u00e8ve"}]},{"@type":"WebSite","@id":"https:\/\/www.agence-adimen.ch\/en\/#website","url":"https:\/\/www.agence-adimen.ch\/en\/","name":"Agence ADIMEN","description":"D\u00e9tectives priv\u00e9s: surveillance op\u00e9rationnelle et contre-mesures","potentialAction":[{"@type":"SearchAction","target":{"@type":"EntryPoint","urlTemplate":"https:\/\/www.agence-adimen.ch\/en\/?s={search_term_string}"},"query-input":{"@type":"PropertyValueSpecification","valueRequired":true,"valueName":"search_term_string"}}],"inLanguage":"en-US"}]}},"_links":{"self":[{"href":"https:\/\/www.agence-adimen.ch\/en\/wp-json\/wp\/v2\/pages\/1916","targetHints":{"allow":["GET"]}}],"collection":[{"href":"https:\/\/www.agence-adimen.ch\/en\/wp-json\/wp\/v2\/pages"}],"about":[{"href":"https:\/\/www.agence-adimen.ch\/en\/wp-json\/wp\/v2\/types\/page"}],"author":[{"embeddable":true,"href":"https:\/\/www.agence-adimen.ch\/en\/wp-json\/wp\/v2\/users\/2"}],"replies":[{"embeddable":true,"href":"https:\/\/www.agence-adimen.ch\/en\/wp-json\/wp\/v2\/comments?post=1916"}],"version-history":[{"count":0,"href":"https:\/\/www.agence-adimen.ch\/en\/wp-json\/wp\/v2\/pages\/1916\/revisions"}],"wp:attachment":[{"href":"https:\/\/www.agence-adimen.ch\/en\/wp-json\/wp\/v2\/media?parent=1916"}],"curies":[{"name":"wp","href":"https:\/\/api.w.org\/{rel}","templated":true}]}}